{"id":34572,"date":"2022-12-15T15:08:01","date_gmt":"2022-12-15T15:08:01","guid":{"rendered":"https:\/\/evotek.md\/produse\/fara-categorie\/fierbator-pentru-orez\/"},"modified":"2024-08-14T14:58:30","modified_gmt":"2024-08-14T14:58:30","slug":"fierbator-pentru-orez","status":"publish","type":"product","link":"https:\/\/evotek.md\/ro\/produse\/fara-categorie\/fierbator-pentru-orez\/","title":{"rendered":"FIERBATOR PENTRU OREZ 6 LITRI -ST-771101"},"content":{"rendered":"<p><strong>FIERBATOR PENTRU OREZ 6 LITRI -ST-771101-<\/strong> este un aparat pentru gatirea orezului. \u00cen el, orezul nu arde, \u00ee\u0219i p\u0103streaz\u0103 propriet\u0103\u021bile benefice \u0219i se dovede\u0219te gustos \u0219i sf\u0103r\u00e2micios. Este un corp cu un vas interior \u0219i elemente de \u00eenc\u0103lzire (elemente de \u00eenc\u0103lzire) \u00eencorporate \u00een fund \u0219i pere\u021bi. La nivelul capacului se afl\u0103 un alt element de \u00eenc\u0103lzire &#8211; unul inel. Aceast\u0103 aranjare a elementelor de \u00eenc\u0103lzire asigur\u0103 \u00eenc\u0103lzirea uniform\u0103 a \u00eentregului produs \u00een timpul \u0219i dup\u0103 g\u0103tire. Lucr\u00e2nd \u00een modul de \u00eenc\u0103lzire a preparatului g\u0103tit, aragazul de orez \u00ee\u0219i p\u0103streaz\u0103 complet gustul \u0219i aroma, precum \u0219i nutrien\u021bii. \u00cen plus, aragazul de orez \u00een sine are propriet\u0103\u021bile unui termos &#8211; orezul g\u0103tit \u00eentr-un recipient \u00eenchis, chiar \u0219i f\u0103r\u0103 \u00eenc\u0103lzire, r\u0103m\u00e2ne cald pentru o lung\u0103 perioad\u0103 de timp. Face 10 p\u00e2n\u0103 la 36 de por\u021bii de orez U\u0219or de cur\u0103\u021bat. Rezervor interior antiaderent. Carcasa din otel inoxidabil. Trece automat la procesul de \u00eenc\u0103lzire dup\u0103 g\u0103tirea orezului.<\/p>\n<p>Caracteristici<br \/>\nNumar de portii: 30 &#8211; 40<br \/>\nMaterial carcasa: otel inoxidabil<br \/>\nPutere: 1,95 kW<br \/>\nTensiune: 220 V<br \/>\nCapacitate orez: 6 l<br \/>\nDimensiuni totale (LuxLax\u00cen): 420x470x350 mm<br \/>\nGreutate: 10,20 kg<br \/>\nAre functia de men\u021binere a alimentelor calde dup\u0103 g\u0103tire<\/p>\n","protected":false},"excerpt":{"rendered":"<p>Numar de portii: 30 &#8211; 40; Material carcasa: otel inoxidabil; Putere: 1,95 kW, Tensiune: 220 V; Capacitate orez: 6 l; Dimensiuni totale (LuxLax\u00cen): 420x470x350 mm; Greutate: 10,20 kg; Are functia de men\u021binere a alimentelor calde dup\u0103 g\u0103tire.<\/p>\n","protected":false},"featured_media":34571,"template":"","meta":[],"_links":{"self":[{"href":"https:\/\/evotek.md\/ro\/wp-json\/wp\/v2\/product\/34572"}],"collection":[{"href":"https:\/\/evotek.md\/ro\/wp-json\/wp\/v2\/product"}],"about":[{"href":"https:\/\/evotek.md\/ro\/wp-json\/wp\/v2\/types\/product"}],"wp:featuredmedia":[{"embeddable":true,"href":"https:\/\/evotek.md\/ro\/wp-json\/wp\/v2\/media\/34571"}],"wp:attachment":[{"href":"https:\/\/evotek.md\/ro\/wp-json\/wp\/v2\/media?parent=34572"}],"curies":[{"name":"wp","href":"https:\/\/api.w.org\/{rel}","templated":true}]}}