{"id":3454,"date":"2020-03-02T08:31:58","date_gmt":"2020-03-02T08:31:58","guid":{"rendered":"https:\/\/evotek.md\/?post_type=product&#038;p=3454"},"modified":"2021-03-30T13:43:06","modified_gmt":"2021-03-30T13:43:06","slug":"aparat-pentru-hot-dog-m-09300585","status":"publish","type":"product","link":"https:\/\/evotek.md\/ro\/produse\/echipamente-pentru-fast-food\/aparat-pentru-hot-dog\/aparat-pentru-hot-dog-m-09300585\/","title":{"rendered":"APARAT PENTRU HOT DOG \u2013M-09300585"},"content":{"rendered":"<p><strong>APARAT PENTRU HOT DOG \u2013M-<\/strong><strong>09300585<\/strong><strong>\u2013 <\/strong>Ideal pentru intreprinderile de fast-food. Cu ajutorul lui, pute\u021bi fierbe u\u0219or crenvu\u0219ti folosind un bol special cu aburi unde acestea se men\u021bin fierbin\u021bi. Procesul de deservire a clien\u021bilor este foarte rapid deoarece acest aparat are patru ace pentru \u00eenc\u0103lzirea chifllor. Carcasa dispozitivului \u0219i acele \u00eenc\u0103lzitoare sunt realizate din inox, ceea ce asigur\u0103 durabilitate a echipamentulu. Dispozitivul are comenzi simple \u0219i intuitive, precum \u0219i dimensiuni compacte, astfel \u00eenc\u00e2t poate fi plasat pe aproape orice suprafa\u021b\u0103 orizontal\u0103.<\/p>\n<p>Caracteristici<\/p>\n<p>Brand Maxima<\/p>\n<p>Dimensiuni: 580x360x460 mm<\/p>\n<p>Conexiune: 230 V \/ 50 Hz \/ 1-faz\u0103 2 x 800 W<\/p>\n<p>Cilindru de sticl\u0103: 200&#215;240 mm<\/p>\n<p>Termostat reglabil: 30 \u00b0 C p\u00e2n\u0103 la 100 \u00b0 C<\/p>\n<p>Greutate net\u0103: 9,96 kg<\/p>\n<p>&nbsp;<\/p>\n<p>&nbsp;<\/p>\n","protected":false},"excerpt":{"rendered":"<p>Aparat pentru hot dog cu patru ace de \u00eenc\u0103lzire. Dimensiuni: 580x360x460 mm; Conexiune: 230 V\/ 50 Hz\/ 1-faz\u0103 2 x 800 W; Cilindru de sticl\u0103: 200&#215;240 mm; Termostat reglabil: 30 \u00b0 C p\u00e2n\u0103 la 100 \u00b0 C; Greutate net\u0103: 9,96 kg.<\/p>\n","protected":false},"featured_media":3447,"template":"","meta":[],"_links":{"self":[{"href":"https:\/\/evotek.md\/ro\/wp-json\/wp\/v2\/product\/3454"}],"collection":[{"href":"https:\/\/evotek.md\/ro\/wp-json\/wp\/v2\/product"}],"about":[{"href":"https:\/\/evotek.md\/ro\/wp-json\/wp\/v2\/types\/product"}],"wp:featuredmedia":[{"embeddable":true,"href":"https:\/\/evotek.md\/ro\/wp-json\/wp\/v2\/media\/3447"}],"wp:attachment":[{"href":"https:\/\/evotek.md\/ro\/wp-json\/wp\/v2\/media?parent=3454"}],"curies":[{"name":"wp","href":"https:\/\/api.w.org\/{rel}","templated":true}]}}