{"id":34526,"date":"2022-12-15T13:15:48","date_gmt":"2022-12-15T13:16:08","guid":{"rendered":"https:\/\/evotek.md\/?post_type=product&#038;p=34526"},"modified":"2022-12-19T14:53:18","modified_gmt":"2022-12-19T14:53:18","slug":"kayalar-208420012100","status":"publish","type":"product","link":"https:\/\/evotek.md\/ro\/produse\/echipamente-frigorifice\/dulap-frigorific-congelare\/kayalar-208420012100\/","title":{"rendered":"DULAP CONGELATOR VERTICAL CU USI DUBLE 1334 L KAYALAR-208420012100"},"content":{"rendered":"<p><strong>DULAP CONGELATOR VERTICAL CU USI DUBLE 1334 L KAYALAR-208420012100-\u00a0<\/strong>Carcasa interioar\u0103 \u0219i exterioar\u0103 este din o\u021bel inoxidabil AISI 304 2B. Izola\u021bie poliuretanic\u0103 HCFC ecologic\u0103 de 35\/40 Kg\/m3. Potrivit pentru rezervoarele GN 2\/1 \u0219i 1\/1. Sistem de racire dinamic. Panou de control digital. Dezghetare automata. Picioare reglabile din o\u021bel inoxidabil. Dou\u0103 u\u0219i (st\u00e2nga\/dreapta).<\/p>\n<p>Caracteristici<br \/>\nTara de productie Turcia<br \/>\nLungime 1400 mm<br \/>\nLatime 830 mm<br \/>\nInaltime 2050 mm<br \/>\nTemperatura maxim\u0103 de lucru este de -18 grade.<br \/>\nTemperatura minim\u0103 de lucru este de -22 de grade.<br \/>\nTensiune nominal\u0103 220V<br \/>\nPutere 0,7 kW<br \/>\nVolum 1334 l.<\/p>\n<p>&nbsp;<\/p>\n","protected":false},"excerpt":{"rendered":"<p>Tara de productie Turcia; Lungime 1400 mm; Latime 830 mm; Inaltime 2050 mm; Temperatura maxim\u0103 de lucru este de -18 grade; Temperatura minim\u0103 de lucru este de -22 de grade; Tensiune nominal\u0103 220V; Putere 0,7 kW; Volum 1334 l.<\/p>\n","protected":false},"featured_media":34534,"template":"","meta":[],"_links":{"self":[{"href":"https:\/\/evotek.md\/ro\/wp-json\/wp\/v2\/product\/34526"}],"collection":[{"href":"https:\/\/evotek.md\/ro\/wp-json\/wp\/v2\/product"}],"about":[{"href":"https:\/\/evotek.md\/ro\/wp-json\/wp\/v2\/types\/product"}],"wp:featuredmedia":[{"embeddable":true,"href":"https:\/\/evotek.md\/ro\/wp-json\/wp\/v2\/media\/34534"}],"wp:attachment":[{"href":"https:\/\/evotek.md\/ro\/wp-json\/wp\/v2\/media?parent=34526"}],"curies":[{"name":"wp","href":"https:\/\/api.w.org\/{rel}","templated":true}]}}