{"id":34493,"date":"2022-12-14T14:43:37","date_gmt":"2022-12-14T14:43:37","guid":{"rendered":"https:\/\/evotek.md\/?post_type=product&#038;p=34493"},"modified":"2023-01-18T10:18:27","modified_gmt":"2023-01-18T10:18:27","slug":"pi-4-3-14","status":"publish","type":"product","link":"https:\/\/evotek.md\/ro\/produse\/echipamente-termice\/plite-cu-inductie\/pi-4-3-14\/","title":{"rendered":"PLITA CU INDUCTIE 4 ARZATOARE -PI-4.3-14"},"content":{"rendered":"<p><strong>PLITA CU INDUCTIE 4 ARZATOARE -PI-4.3-14-<\/strong> Plita cu induc\u021bie ofer\u0103 economii semnificative datorit\u0103 consumului minim de energie, deoarece plita nu are elemente de \u00eenc\u0103lzire, nu exist\u0103 pierderi de c\u0103ldur\u0103 \u00een timpul transmiterii de la elementul de \u00eenc\u0103lzire la suprafa\u021ba arz\u0103torului \u00een partea de jos a vasului de g\u0103tit. Aceasta utilizeaz\u0103 at\u00e2ta energie c\u00e2t este necesar\u0103 pentru diametrul vasului.<\/p>\n<p>Caracteristici<br \/>\nTip montaj: podea.<br \/>\nMaterial carcasa: otel inoxidabil.<br \/>\nNumar de arzatoare: 4<br \/>\nManagement: electronic.<br \/>\nDiametrul minim vaselor de g\u0103tit: 100 mm.<br \/>\nDimensiune arzator: 320&#215;320 mm.<br \/>\nTensiune: 380 V.<br \/>\nPutere: 14 kW.<br \/>\nDimensiuni: 780x870x850 mm.<br \/>\nDimensiuni cu ambalaj: 880x800x850 mm.<br \/>\nGreutate: 40 kg.<br \/>\nPuterea unui arz\u0103tor: 3,5 kW.<br \/>\nReglare continu\u0103 a puterii.<br \/>\nIndica\u021bie luminoas\u0103 a panoului de control.<br \/>\nVentilator de r\u0103cire pentru fiecare plit\u0103.<br \/>\nMaterial carcasa: otel inoxidabil.<br \/>\nMaterial raftul inferior: o\u021bel inoxidabil.<br \/>\nPicioare reglabile pe inaltime.<br \/>\nButon de rota\u021bie (valkoder) f\u0103r\u0103 limitator.<br \/>\nNivele de putere \u0219i temperatur\u0103: 16 (de la 800 la 3500 W.)<br \/>\nCronometru: p\u00e2n\u0103 la 180 min.<\/p>\n","protected":false},"excerpt":{"rendered":"<p>Plit\u0103 cu induc\u021bie de podea cu 4 arz\u0103toare. Tip montaj: podea.Material carcasa: otel inoxidabil.Numar de arzatoare: 4Management: electronic.Diametrul minim vaselor de g\u0103tit: 100 mm.Dimensiune arzator: 320&#215;320 mm.Tensiune: 380 V.Putere: 14 kW.Dimensiuni: 780x870x850 mm.Dimensiuni cu ambalaj: 880x800x850 mm.Greutate: 40 kg.Puterea unui arz\u0103tor: 3,5 kW..<\/p>\n","protected":false},"featured_media":34512,"template":"","meta":[],"_links":{"self":[{"href":"https:\/\/evotek.md\/ro\/wp-json\/wp\/v2\/product\/34493"}],"collection":[{"href":"https:\/\/evotek.md\/ro\/wp-json\/wp\/v2\/product"}],"about":[{"href":"https:\/\/evotek.md\/ro\/wp-json\/wp\/v2\/types\/product"}],"wp:featuredmedia":[{"embeddable":true,"href":"https:\/\/evotek.md\/ro\/wp-json\/wp\/v2\/media\/34512"}],"wp:attachment":[{"href":"https:\/\/evotek.md\/ro\/wp-json\/wp\/v2\/media?parent=34493"}],"curies":[{"name":"wp","href":"https:\/\/api.w.org\/{rel}","templated":true}]}}