{"id":34481,"date":"2022-12-13T10:01:50","date_gmt":"2022-12-13T10:01:50","guid":{"rendered":"https:\/\/evotek.md\/?post_type=product&#038;p=34481"},"modified":"2022-12-13T10:16:38","modified_gmt":"2022-12-13T10:16:38","slug":"abt100a","status":"publish","type":"product","link":"https:\/\/evotek.md\/ro\/produse\/echipamente-frigorifice\/congelator-cu-soc-termic\/abt100a\/","title":{"rendered":"CONGELATOR CU SOC TERMIC 10 nivele Amitek-ABT100A"},"content":{"rendered":"<p><strong>CONGELATOR CU SOC TERMIC 10 nivele Amitek-ABT100A<\/strong>&#8211; Facilitati: Construc\u021bie exterioar\u0103 din o\u021bel inoxidabil; Celula interioara in intregime din otel inoxidabil AISI304; R\u0103cire ventilat\u0103; Grosimea izolatiei 60 mm; Controler digital cu programe hard\/soft pentru cicluri pozitive \u0219i negative; Func\u021bia de pre-r\u0103cire a celulei; Microcomutator oprire ventilator; Pastrare automata in frigider la sfarsitul ciclului; Raft deta\u0219abil pentru gr\u0103tare; Pas tav\u0103\/gril\u0103 65 mm; Sond\u0103 miez cu m\u00e2ner de 90\u00b0 inclus; U\u0219\u0103 reversibil\u0103 (este necesar un kit op\u021bional); Scurgere inferioar\u0103 \u0219i tav\u0103 de scurgere picioare reglabile din o\u021bel inoxidabil; Blat din o\u021bel inoxidabil disponibil la cerere.<\/p>\n<p>Caracteristici<br \/>\nPutere: 1815 W<br \/>\nAlimentare: 230\/1H\/50<br \/>\nCapacitate de racire: 32 kg \/ +3 \u00b0C; 22 kg \/ -18 \u00b0C; la +90 \u00b0C<br \/>\nAgent frigorific: R452a<br \/>\nTemperatura maxima \/ umiditate: +38 \u00b0C \/ 55% HR<br \/>\nDimensiune: 790x800x1420h mm<br \/>\nDimensiuni interioare: 670x510x700h mm<br \/>\nNivele: 10 x GN1\/1 sau 10 x EN60x40<br \/>\nGreutate: 128 kg<\/p>\n","protected":false},"excerpt":{"rendered":"<p>Congelator cu \u0219oc termic 10 nivele.Putere: 1815 W; Alimentare: 230\/1H\/50; Capacitate de racire: 32 kg \/ +3 \u00b0C; 22 kg \/ -18 \u00b0C; la +90 \u00b0C; Agent frigorific: R452a; Temperatura maxima \/ umiditate: +38 \u00b0C \/ 55% HR; Dimensiune: 790x800x1420h mm; Dimensiuni interioare: 670x510x700h mm; Nivele: 10 x GN1\/1 sau 10 x EN60x40; Greutate: 128 kg.<\/p>\n","protected":false},"featured_media":34483,"template":"","meta":[],"_links":{"self":[{"href":"https:\/\/evotek.md\/ro\/wp-json\/wp\/v2\/product\/34481"}],"collection":[{"href":"https:\/\/evotek.md\/ro\/wp-json\/wp\/v2\/product"}],"about":[{"href":"https:\/\/evotek.md\/ro\/wp-json\/wp\/v2\/types\/product"}],"wp:featuredmedia":[{"embeddable":true,"href":"https:\/\/evotek.md\/ro\/wp-json\/wp\/v2\/media\/34483"}],"wp:attachment":[{"href":"https:\/\/evotek.md\/ro\/wp-json\/wp\/v2\/media?parent=34481"}],"curies":[{"name":"wp","href":"https:\/\/api.w.org\/{rel}","templated":true}]}}