{"id":34479,"date":"2022-12-13T09:56:26","date_gmt":"2022-12-13T09:56:26","guid":{"rendered":"https:\/\/evotek.md\/produse\/fara-categorie\/ax400rgb\/"},"modified":"2022-12-13T09:56:26","modified_gmt":"2022-12-13T09:56:26","slug":"ax400rgb","status":"publish","type":"product","link":"https:\/\/evotek.md\/ro\/produse\/echipamente-frigorifice\/dulapuri-frigorifice\/ax400rgb\/","title":{"rendered":"DULAP FRIGORIFIC CU USA DIN STICLA 382 L AMITEK-AX400RGB"},"content":{"rendered":"<p><strong>DULAP FRIGORIFIC CU USA DIN STICLA 382 L AMITEK-AX400RGB-<\/strong> Structura exterioara din otel vopsit negru; Structura interioara ABS neagra; R\u0103cire ventilat\u0103; Unitate frigorific\u0103 \u00eencorporat\u0103; Termostat mecanic; Termometru analog; Evaporarea automat\u0103 a condensului; grosime izolatie 40 mm; U\u0219\u0103 din sticl\u0103 cu geam termopan \u201eLow-E\u201d; Toc u\u0219\u0103 din plastic negru; Iluminare interioara cu banda LED; Usa cu incuietoare cu cheie; 2 picioare reglabile fa\u021b\u0103 \u0219i 2 role din spate; Echipat cu 5 rafturi 500&#215;380 mm.<\/p>\n<p>Caracteristici<br \/>\nClasa energetica: (2019\/2018\/UE)<br \/>\nPutere: 300 W<br \/>\nAlimentare: 230\/1H\/50<br \/>\nInterval de temperatur\u0103: 0 \u00f7 +10 \u00b0\u0421<br \/>\nTip de agent frigorific: R600a<br \/>\nTemperatura maxima \/ umiditate: +32 \u00b0C \/ 65% HR<br \/>\nDimensiune: 605x610x1840h mm<br \/>\nDimensiuni interioare: 480x460x1520h mm<br \/>\nCapacitate de depozitare: 382L<br \/>\nRaft Nr. si tip: 5 x 500 x 380 mm<br \/>\nGreutate neta: 78 kg<br \/>\nGreutate brut\u0103: 83 kg<br \/>\nDimensiune ambalaj: 66x66x194h mm<\/p>\n","protected":false},"excerpt":{"rendered":"<p>Dulap frigorific cu usa din sticla 382 l. Clasa energetica: (2019\/2018\/UE); Putere: 300 W; Alimentare: 230\/1H\/50; Interval de temperatur\u0103: 0 \u00f7 +10 \u00b0\u0421; Tip de agent frigorific: R600a; Temperatura maxima \/ umiditate: +32 \u00b0C \/ 65% HR; Dimensiune: 605x610x1840h mm; Dimensiuni interioare: 480x460x1520h mm; Capacitate de depozitare: 382L; Raft Nr. si tip: 5 x 500 x 380 mm; Greutate neta: 78 kg; Greutate brut\u0103: 83 kg; Dimensiune ambalaj: 66x66x194h mm.<\/p>\n","protected":false},"featured_media":34477,"template":"","meta":[],"_links":{"self":[{"href":"https:\/\/evotek.md\/ro\/wp-json\/wp\/v2\/product\/34479"}],"collection":[{"href":"https:\/\/evotek.md\/ro\/wp-json\/wp\/v2\/product"}],"about":[{"href":"https:\/\/evotek.md\/ro\/wp-json\/wp\/v2\/types\/product"}],"wp:featuredmedia":[{"embeddable":true,"href":"https:\/\/evotek.md\/ro\/wp-json\/wp\/v2\/media\/34477"}],"wp:attachment":[{"href":"https:\/\/evotek.md\/ro\/wp-json\/wp\/v2\/media?parent=34479"}],"curies":[{"name":"wp","href":"https:\/\/api.w.org\/{rel}","templated":true}]}}