{"id":34453,"date":"2022-12-09T12:14:04","date_gmt":"2022-12-09T12:14:04","guid":{"rendered":"https:\/\/evotek.md\/produse\/fara-categorie\/dospitor-manual-htbp16-m\/"},"modified":"2022-12-09T12:18:41","modified_gmt":"2022-12-09T12:18:41","slug":"dospitor-manual-htbp16-m","status":"publish","type":"product","link":"https:\/\/evotek.md\/ro\/produse\/echipamente-termice\/dospitor\/dospitor-manual-htbp16-m\/","title":{"rendered":"DOSPITOR (manual) HTBP16-M"},"content":{"rendered":"<p><strong>DOSPITOR (manual) HTBP16-M-<\/strong> dospitorul are o surs\u0103 de umidificare prin injec\u021bie. Aburul este aplicat manual. Controlul temperaturii \u00een camer\u0103 este, de asemenea, manual \u00een intervalul de p\u00e2n\u0103 la 85C. Pentru a ob\u021bine semifabricate de \u00eenalt\u0103 calitate, \u00eenainte de coacere este creat un sistem de circula\u021bie uniform\u0103 a umidit\u0103\u021bii. La deschiderea u\u0219ii au fost dezvoltate condi\u021bii speciale care \u00eempiedic\u0103 scurgerea condensului. Pentru a controla dulapul, pe suprafa\u021ba frontal\u0103 este amplasat un panou de control electromecanic. Echipamentul este realizat din otel inoxidabil AISI 304 (1.4301). Tava de colectare a condensului este instalat\u0103 sub camer\u0103. Levatorul acestui model poate fi instalat \u00eentr-un set cu cuptoare cu suprafa\u021b\u0103 sau cuptoare cu convec\u021bie de la produc\u0103torul FINES. Exist\u0103 un filet exterior de 3\u20444\u201d pentru racordarea la ap\u0103. Dulapul este amplasat convenabil pe ro\u021bi cu fr\u00e2ne.<\/p>\n<p>Particularitati:<br \/>\nControl electromecanic;<br \/>\nReglarea manual\u0103 a temperaturii de \u00eenc\u0103lzire \u0219i a aliment\u0103rii cu abur;<br \/>\nSistem de circula\u021bie uniform\u0103 a umidit\u0103\u021bii;<br \/>\nSistem pentru prevenirea scurgerii condensului la deschiderea u\u0219ilor;<br \/>\nVase pentru colectarea condensului sub camer\u0103;<br \/>\nOtel &#8211; INOX &#8211; AISI 304 (1.4301);<br \/>\nRoti cu frane<\/p>\n<p>Caracteristici<br \/>\nPutere nominal\u0103 de intrare: 1,2 kW<br \/>\nSursa de energie: Electricitate<br \/>\nDistan\u021ba dintre ghidaje: 70 mm<br \/>\nTensiune nominal\u0103: 220V<br \/>\nGreutate: 90 kg<br \/>\nLatime: 800 mm<br \/>\nLungime: 980 mm<br \/>\nInaltime: 905 mm<br \/>\nLatime tava: 400 mm<br \/>\nLungime tava: 600 mm<br \/>\nTip de control: electromecanic<br \/>\nMaterial carcasa: otel inoxidabil<br \/>\nNum\u0103r de nivele: 16<\/p>\n","protected":false},"excerpt":{"rendered":"<p>Dospitor. Putere nominal\u0103 de intrare: 1,2 kW; Sursa de energie: Electricitate; Distan\u021ba dintre ghidaje: 70 mm; Tensiune nominal\u0103: 220V; Greutate: 90 kg; Latime: 800 mm; Lungime: 980 mm; Inaltime: 905 mm; Latime tava: 400 mm; Lungime tava: 600 mm; Tip de control: electromecanic; Material carcasa: otel inoxidabil; Num\u0103r de nivele: 16.<\/p>\n","protected":false},"featured_media":34452,"template":"","meta":[],"_links":{"self":[{"href":"https:\/\/evotek.md\/ro\/wp-json\/wp\/v2\/product\/34453"}],"collection":[{"href":"https:\/\/evotek.md\/ro\/wp-json\/wp\/v2\/product"}],"about":[{"href":"https:\/\/evotek.md\/ro\/wp-json\/wp\/v2\/types\/product"}],"wp:featuredmedia":[{"embeddable":true,"href":"https:\/\/evotek.md\/ro\/wp-json\/wp\/v2\/media\/34452"}],"wp:attachment":[{"href":"https:\/\/evotek.md\/ro\/wp-json\/wp\/v2\/media?parent=34453"}],"curies":[{"name":"wp","href":"https:\/\/api.w.org\/{rel}","templated":true}]}}