{"id":34446,"date":"2022-12-07T13:52:52","date_gmt":"2022-12-07T13:52:52","guid":{"rendered":"https:\/\/evotek.md\/produse\/fara-categorie\/set-de-stand-pentru-instalare-vision-ii-retigo-h14-9933\/"},"modified":"2022-12-07T14:21:21","modified_gmt":"2022-12-07T14:21:21","slug":"set-de-stand-pentru-instalare-vision-ii-retigo-h14-9933","status":"publish","type":"product","link":"https:\/\/evotek.md\/ro\/produse\/piese-de-schimb\/piese-de-schimb-suplimentare\/set-de-stand-pentru-instalare-vision-ii-retigo-h14-9933\/","title":{"rendered":"SET DE STAND PENTRU INSTALAREA CUPTOARELOR Vision II Retigo-H14-9933"},"content":{"rendered":"<p><strong>SET DE STAND PENTRU INSTALAREA CUPTOARELOR Vision II Retigo-H14-9933-<\/strong> Setul de conexiune este proiectat pentru instalarea \u00een turn a cuptoarelor de abur cu convectie seria 611 pe seria 1011 sau a cuptoarelor de copt seria DM5 pe cuptoarele din seria DM8.<\/p>\n<p>Caracteristici<br \/>\n\u00cen\u0103l\u021bime total\u0103: F\u0103r\u0103 suport: 1691 mm (DP\/DM5) \/ 1951 mm (DP\/DM8)<br \/>\n\u00cen\u0103l\u021bime p\u00e2n\u0103 la prima tav\u0103 superioar\u0103: F\u0103r\u0103 suport: 1564 mm (DP\/DM5) \/ 1828 mm (DP\/DM8)<\/p>\n","protected":false},"excerpt":{"rendered":"<p>Set de stand pentru instalarea cuptoarelor. \u00cen\u0103l\u021bime total\u0103: F\u0103r\u0103 suport: 1691 mm (DP\/DM5) \/ 1951 mm (DP\/DM8); \u00cen\u0103l\u021bime p\u00e2n\u0103 la prima tav\u0103 superioar\u0103: F\u0103r\u0103 suport: 1564 mm (DP\/DM5) \/ 1828 mm (DP\/DM8).<\/p>\n","protected":false},"featured_media":34445,"template":"","meta":[],"_links":{"self":[{"href":"https:\/\/evotek.md\/ro\/wp-json\/wp\/v2\/product\/34446"}],"collection":[{"href":"https:\/\/evotek.md\/ro\/wp-json\/wp\/v2\/product"}],"about":[{"href":"https:\/\/evotek.md\/ro\/wp-json\/wp\/v2\/types\/product"}],"wp:featuredmedia":[{"embeddable":true,"href":"https:\/\/evotek.md\/ro\/wp-json\/wp\/v2\/media\/34445"}],"wp:attachment":[{"href":"https:\/\/evotek.md\/ro\/wp-json\/wp\/v2\/media?parent=34446"}],"curies":[{"name":"wp","href":"https:\/\/api.w.org\/{rel}","templated":true}]}}