{"id":34277,"date":"2022-11-30T08:33:03","date_gmt":"2022-11-30T08:33:03","guid":{"rendered":"https:\/\/evotek.md\/?post_type=product&#038;p=34277"},"modified":"2023-02-27T14:22:00","modified_gmt":"2023-02-27T14:22:00","slug":"emp-500-220","status":"publish","type":"product","link":"https:\/\/evotek.md\/ro\/produse\/utilaje-pentru-spalare-vase\/masina-de-spalat-vase-de-tip-frontal\/emp-500-220\/","title":{"rendered":"MASINA DE SPALAT VASE, FRONTALA (220 V) -EMP.500-220"},"content":{"rendered":"<p><strong>MASINA DE SPALAT VASE, FRONTALA (220 V) -EMP.500-220- <\/strong>Ma\u0219ina de sp\u0103lat vase profesional\u0103 compact\u0103 garanteaz\u0103 sp\u0103larea de \u00eenalt\u0103 calitate a paharelor, c\u0103nilor, tac\u00e2murilor \u0219i farfuriilor. \u00cen co\u0219 \u00eencap 14-16 farfurii, cu diametrul de p\u00e2n\u0103 la 32 de cm. Ma\u0219ina de sp\u0103lat vase poate sp\u0103la 500 de farfurii \u00eentr-o or\u0103. Func\u021bionare complet automat\u0103 la 55 \u00b0C. Cl\u0103tire la 80 &#8211; 85 \u00b0C. Ma\u0219ina de sp\u0103lat vase este ideal\u0103 pentru utilizare \u00een restaurante mici, cafenele, baruri, cafenele, beri-pub-uri. Spal\u0103 vasele rapid, temeinic, folosind apa cu modera\u021bie.<\/p>\n<p><strong>*Pentru a beneficia de garan\u021bie este obligatoriu de a fi instalat filtru DVA pentru acest echipament.<\/strong><\/p>\n<p>Caracteristici<\/p>\n<p>Productivitate, casete pe or\u0103: 30-40<\/p>\n<p>Productivitate, bucat\u0103 (farfuri, c\u0103ni)\/or\u0103: 500<\/p>\n<p>Dimensiunea cosului in care se pun vase: 500\u00d7500 mm.<\/p>\n<p>Diametrul farfuriilor: 320 mm<\/p>\n<p>Num\u0103r de programe: 3<\/p>\n<p>Cicl de sp\u0103lare, min.: 1,5 \/ 2\/3<\/p>\n<p>Dimensiuni: 590x700x820 mm<\/p>\n<p>Putere: 6-8 kW<\/p>\n<p>Tensiune: 220 V<\/p>\n<p>Consum de ap\u0103 pentru 1 ciclu: 2,5 l.<\/p>\n<p>Greutate: 67 kg<\/p>\n<p>&nbsp;<\/p>\n","protected":false},"excerpt":{"rendered":"<p>Ma\u0219in\u0103 de sp\u0103lat vase\/pahare de tip frontal. Productivitate, casete pe or\u0103: 30-40; Productivitate, bucat\u0103 (farfuri, c\u0103ni)\/or\u0103: 500; Dimensiunea cosului in care se pun vase: 500\u00d7500 mm; Diametrul farfuriilor: 320 mm; Num\u0103r de programe: 3; Cicl de sp\u0103lare, min.: 1,5 \/ 2\/3; Dimensiuni: 590x700x820 mm; Putere: 6-8 kW; Tensiune: 220 V; Consum de ap\u0103 pentru 1 ciclu: 2,5 l; Greutate: 67 kg.<\/p>\n<p><strong>*Recomand\u0103m instalarea adi\u021bional\u0103 a unui filtru DVA pentru o bun\u0103 func\u021bionare a ma\u0219inii de sp\u0103lat.<\/strong><\/p>\n","protected":false},"featured_media":14910,"template":"","meta":[],"_links":{"self":[{"href":"https:\/\/evotek.md\/ro\/wp-json\/wp\/v2\/product\/34277"}],"collection":[{"href":"https:\/\/evotek.md\/ro\/wp-json\/wp\/v2\/product"}],"about":[{"href":"https:\/\/evotek.md\/ro\/wp-json\/wp\/v2\/types\/product"}],"wp:featuredmedia":[{"embeddable":true,"href":"https:\/\/evotek.md\/ro\/wp-json\/wp\/v2\/media\/14910"}],"wp:attachment":[{"href":"https:\/\/evotek.md\/ro\/wp-json\/wp\/v2\/media?parent=34277"}],"curies":[{"name":"wp","href":"https:\/\/api.w.org\/{rel}","templated":true}]}}