{"id":34271,"date":"2022-11-29T13:40:31","date_gmt":"2022-11-29T13:40:31","guid":{"rendered":"https:\/\/evotek.md\/produse\/fara-categorie\/emp-pls-7ts020\/"},"modified":"2022-11-29T13:53:06","modified_gmt":"2022-11-29T13:53:06","slug":"emp-pls-7ts020","status":"publish","type":"product","link":"https:\/\/evotek.md\/ro\/produse\/standuri-pentru-echipamente\/standuri-pentru-echipamente-seria-700-empero\/emp-pls-7ts020\/","title":{"rendered":"STAND CU DULAP CU 2 USI EMP.PLS.7TS020"},"content":{"rendered":"<p><strong>STAND CU DULAP CU 2 USI EMP.PLS.7TS020<\/strong>&#8211; Standul cu dulap se folose\u0219te \u00eempreun\u0103 cu echipamentele Empero seria 700 cu l\u0103\u021bime de 800 mm.<\/p>\n<p>Caracteristici<br \/>\nMaterial: otel inoxidabil<br \/>\nInaltime: 55 cm<br \/>\nLatime: 80 cm<br \/>\nAd\u00e2ncime: 62 cm<br \/>\nGreutate fara ambalaj: 30 kg<\/p>\n","protected":false},"excerpt":{"rendered":"<p>Stand cu dulap cu 2 usi. Material: otel inoxidabil; Inaltime: 55 cm; Latime: 80 cm; Ad\u00e2ncime: 62 cm; Greutate fara ambalaj: 30 kg.<\/p>\n","protected":false},"featured_media":34274,"template":"","meta":[],"_links":{"self":[{"href":"https:\/\/evotek.md\/ro\/wp-json\/wp\/v2\/product\/34271"}],"collection":[{"href":"https:\/\/evotek.md\/ro\/wp-json\/wp\/v2\/product"}],"about":[{"href":"https:\/\/evotek.md\/ro\/wp-json\/wp\/v2\/types\/product"}],"wp:featuredmedia":[{"embeddable":true,"href":"https:\/\/evotek.md\/ro\/wp-json\/wp\/v2\/media\/34274"}],"wp:attachment":[{"href":"https:\/\/evotek.md\/ro\/wp-json\/wp\/v2\/media?parent=34271"}],"curies":[{"name":"wp","href":"https:\/\/api.w.org\/{rel}","templated":true}]}}