{"id":34265,"date":"2022-11-29T12:35:39","date_gmt":"2022-11-29T12:35:39","guid":{"rendered":"https:\/\/evotek.md\/?post_type=product&#038;p=34265"},"modified":"2022-11-30T12:15:32","modified_gmt":"2022-11-30T12:15:32","slug":"600%d1%85750%d1%85890-mm-stanga-emp-byc-7560-tl","status":"publish","type":"product","link":"https:\/\/evotek.md\/ro\/produse\/mobila-din-inox\/mese-din-inox\/mese-pentru-masina-de-spalat-vase\/600%d1%85750%d1%85890-mm-stanga-emp-byc-7560-tl\/","title":{"rendered":"MASA PENTRU MASINA DE SPALAT VASE CU BORDUR LA PERETE SI POLITA 600\u0445750\u0445890 mm (stanga) EMP.BYC.7560-T-L"},"content":{"rendered":"<p><strong>MASA PENTRU MASINA DE SPALAT VASE CU BORDUR LA PERETE SI POLITA 600\u0445750\u0445890 mm (stanga) EMP.BYC.7560-T-L-<\/strong> Masa din inox cu blat la perete si bordura conceputa pentru prelucrarea produselor, blatul de lucru din inox este rezistent \u0219i u\u0219or de cur\u0103\u021bat. La interior, pentru absorb\u021bia sunetului este \u00eent\u0103rit\u0103 cu o foaie de PAL. Mesele din inox cu chiuvete sunt utilizate pe scar\u0103 larg\u0103 \u00een industria alimentar\u0103, \u00een \u0219coli, gr\u0103dini\u021be, cantine, restaurante \u0219i diverse \u00eentreprinderi de alimenta\u021bie public\u0103.<\/p>\n<p>Caracteristici<\/p>\n<p>Dimensiuni: 600x750x890 mm<br \/>\nNet: 0,4<\/p>\n","protected":false},"excerpt":{"rendered":"<p>Mas\u0103 din inox cu bordur la perete \u0219i raft, cu iesirea din partea stanga. Parametri (l\/l\/a): 600\u0445750\u0445890 mm. Net: 0,4.<\/p>\n","protected":false},"featured_media":34284,"template":"","meta":[],"_links":{"self":[{"href":"https:\/\/evotek.md\/ro\/wp-json\/wp\/v2\/product\/34265"}],"collection":[{"href":"https:\/\/evotek.md\/ro\/wp-json\/wp\/v2\/product"}],"about":[{"href":"https:\/\/evotek.md\/ro\/wp-json\/wp\/v2\/types\/product"}],"wp:featuredmedia":[{"embeddable":true,"href":"https:\/\/evotek.md\/ro\/wp-json\/wp\/v2\/media\/34284"}],"wp:attachment":[{"href":"https:\/\/evotek.md\/ro\/wp-json\/wp\/v2\/media?parent=34265"}],"curies":[{"name":"wp","href":"https:\/\/api.w.org\/{rel}","templated":true}]}}