{"id":34248,"date":"2022-11-17T13:45:11","date_gmt":"2022-11-17T13:45:10","guid":{"rendered":"https:\/\/evotek.md\/?post_type=product&#038;p=34248"},"modified":"2024-09-23T06:48:52","modified_gmt":"2024-09-23T06:48:52","slug":"o320-mm-st-034320","status":"publish","type":"product","link":"https:\/\/evotek.md\/ro\/produse\/accesorii-si-inventar-bucatarie\/cratite-si-tigai\/tigai-din-aluminiu-2\/o320-mm-st-034320\/","title":{"rendered":"TIGAIE DIN ALUMINIU DUR CU ACOPERIRE DIN TITAN \u00d8320 mm -ST-034320"},"content":{"rendered":"<p><strong>TIGAIE DIN ALUMINIU DUR CU ACOPERIRE DIN TITAN \u00d8320 mm -ST-034320-<\/strong>Tigaia din aluminiu acoperit\u0103 cu titan de 320 mm de la Stalgast este un vas de g\u0103tit indispensabil conceput at\u00e2t pentru gastronomia mic\u0103, c\u00e2t \u0219i pentru cea mare, care este foarte durabil\u0103. Pentru a garanta siguran\u021b\u0103 \u0219i igien\u0103 maxim\u0103, pentru produc\u021bie a fost folosit aluminiu solid acoperit cu titan. \u00cenveli\u0219ul care acoper\u0103 tigaia previne lipirea produselor finite. M\u00e2nerul ergonomic din o\u021bel inoxidabil de \u00eenalt\u0103 calitate nu se \u00eenc\u0103lze\u0219te, ceea ce minimizeaz\u0103 riscul de arsuri la pr\u0103jirea alimentelor.<\/p>\n<p>Caracteristici<br \/>\nInaltime: 55 mm<br \/>\nDiametru: 320 mm<br \/>\nGrosimea fundului: 6 mm<br \/>\nMaterial de produc\u021bie: aluminiu dur acoperit cu titan<br \/>\nManer din otel inoxidabil care nu se incalzeste<br \/>\nNu este potrivita pentru plita cu inductie<\/p>\n","protected":false},"excerpt":{"rendered":"<p>Tigaie din aluminiu cu acoperire din titan. Inaltime: 55 mm; Diametru: 320 mm; Grosimea fundului: 6 mm; Material de produc\u021bie: aluminiu dur acoperit cu titan; Maner din otel inoxidabil care nu se incalzeste; Nu este potrivita pentru plita cu inductie.<\/p>\n","protected":false},"featured_media":17531,"template":"","meta":[],"_links":{"self":[{"href":"https:\/\/evotek.md\/ro\/wp-json\/wp\/v2\/product\/34248"}],"collection":[{"href":"https:\/\/evotek.md\/ro\/wp-json\/wp\/v2\/product"}],"about":[{"href":"https:\/\/evotek.md\/ro\/wp-json\/wp\/v2\/types\/product"}],"wp:featuredmedia":[{"embeddable":true,"href":"https:\/\/evotek.md\/ro\/wp-json\/wp\/v2\/media\/17531"}],"wp:attachment":[{"href":"https:\/\/evotek.md\/ro\/wp-json\/wp\/v2\/media?parent=34248"}],"curies":[{"name":"wp","href":"https:\/\/api.w.org\/{rel}","templated":true}]}}