{"id":34246,"date":"2022-11-17T13:05:32","date_gmt":"2022-11-17T13:05:32","guid":{"rendered":"https:\/\/evotek.md\/produse\/fara-categorie\/cratita-medie-fara-capac-377-l-st-012404\/"},"modified":"2022-11-17T13:05:32","modified_gmt":"2022-11-17T13:05:32","slug":"cratita-medie-fara-capac-377-l-st-012404","status":"publish","type":"product","link":"https:\/\/evotek.md\/ro\/produse\/accesorii-si-inventar-bucatarie\/cratite-si-tigai\/cratita-medie-fara-capac-377-l-st-012404\/","title":{"rendered":"CRATITA MEDIE FARA CAPAC 37,7 L ST-012404"},"content":{"rendered":"<p><strong>CRATITA MEDIE FARA CAPAC 37,7 L ST-012404-<\/strong> Cratita folose\u0219te tehnologia de fund cu mai multe straturi, care este responsabil\u0103 pentru distribuirea uniform\u0103 a c\u0103ldurii \u00een tot oala. Datorit\u0103 acestui lucru, felurile de m\u00e2ncare g\u0103tite \u00een el nu se ard. Partea inferioar\u0103 a capsulei ofer\u0103, de asemenea, rezisten\u021b\u0103 la coroziune \u0219i, prin urmare, mul\u021bi ani de utilizare. \u00cen plus, m\u00e2nerele \u00eent\u0103rite m\u0103resc siguran\u021ba utiliz\u0103rii.<br \/>\nUstensilele sunt incluse in linia de oale profesionale din satin concepute pentru cei mai pretentiosi bucatari care apreciaza calitatea si durabilitatea produselor.<\/p>\n<p>*Tigaia este potrivit\u0103 pentru utilizare pe aragazele electrice, pe gaz, ceramice \u0219i cu induc\u021bie.<\/p>\n<p>Caracteristici<br \/>\nInaltime: 300 mm<br \/>\nDiametru: 400 mm<br \/>\nCapacitate: 37,7 L<br \/>\nMaterial de productie: otel inoxidabil<\/p>\n","protected":false},"excerpt":{"rendered":"<p>Cratita media fara capac 37,7 litri. Inaltime: 300 mm; Diametru: 400 mm; Capacitate: 37,7 L; Material de productie: otel inoxidabil.<\/p>\n","protected":false},"featured_media":34237,"template":"","meta":[],"_links":{"self":[{"href":"https:\/\/evotek.md\/ro\/wp-json\/wp\/v2\/product\/34246"}],"collection":[{"href":"https:\/\/evotek.md\/ro\/wp-json\/wp\/v2\/product"}],"about":[{"href":"https:\/\/evotek.md\/ro\/wp-json\/wp\/v2\/types\/product"}],"wp:featuredmedia":[{"embeddable":true,"href":"https:\/\/evotek.md\/ro\/wp-json\/wp\/v2\/media\/34237"}],"wp:attachment":[{"href":"https:\/\/evotek.md\/ro\/wp-json\/wp\/v2\/media?parent=34246"}],"curies":[{"name":"wp","href":"https:\/\/api.w.org\/{rel}","templated":true}]}}