{"id":34229,"date":"2022-11-17T12:19:58","date_gmt":"2022-11-17T12:19:58","guid":{"rendered":"https:\/\/evotek.md\/?post_type=product&#038;p=34229"},"modified":"2022-11-17T12:27:45","modified_gmt":"2022-11-17T12:27:45","slug":"st-051201","status":"publish","type":"product","link":"https:\/\/evotek.md\/ro\/produse\/accesorii-si-inventar-bucatarie\/termos\/st-051201\/","title":{"rendered":"CONTAINER-TERMOS PENTRU TRANSPORTARE Basic Line 20 l -ST-051201"},"content":{"rendered":"<p><strong>CONTAINER-TERMOS PENTRU TRANSPORTARE Basic Line 20 l -ST-051201<\/strong>&#8211; sunt concepute pentru livrarea c\u0103tre o destina\u021bie \u00eendep\u0103rtat\u0103 a alimentelor, lichidelor \u0219i felurilor de m\u00e2ncare re\u00eenc\u0103lzite g\u0103tite. Scopul s\u0103u principal este de a p\u0103stra temperatura \u0219i caracteristicile gustative ale alimentelor. Termosurile de acest tip au calit\u0103\u021bi precum mobilitate, confort, fiabilitate \u0219i durabilitate.<\/p>\n<p>Caracteristici<br \/>\nCapacitate: 20 litri<br \/>\nInaltime: 330 mm<br \/>\nDiametru: 360 mm<br \/>\nMaterial: otel inoxidabil<\/p>\n","protected":false},"excerpt":{"rendered":"<p>Container-termos pentru transportare bucate 20 litri. Capacitate: 20 litri; Inaltime: 330 mm; Diametru: 360 mm; Material: otel inoxidabil.<\/p>\n","protected":false},"featured_media":6410,"template":"","meta":[],"_links":{"self":[{"href":"https:\/\/evotek.md\/ro\/wp-json\/wp\/v2\/product\/34229"}],"collection":[{"href":"https:\/\/evotek.md\/ro\/wp-json\/wp\/v2\/product"}],"about":[{"href":"https:\/\/evotek.md\/ro\/wp-json\/wp\/v2\/types\/product"}],"wp:featuredmedia":[{"embeddable":true,"href":"https:\/\/evotek.md\/ro\/wp-json\/wp\/v2\/media\/6410"}],"wp:attachment":[{"href":"https:\/\/evotek.md\/ro\/wp-json\/wp\/v2\/media?parent=34229"}],"curies":[{"name":"wp","href":"https:\/\/api.w.org\/{rel}","templated":true}]}}