{"id":34216,"date":"2022-11-17T08:57:45","date_gmt":"2022-11-17T08:57:45","guid":{"rendered":"https:\/\/evotek.md\/?post_type=product&#038;p=34216"},"modified":"2023-05-16T07:16:34","modified_gmt":"2023-05-16T07:16:34","slug":"mec-l864-1b-ma","status":"publish","type":"product","link":"https:\/\/evotek.md\/ro\/produse\/echipamente-termice\/dospitor\/mec-l864-1b-ma\/","title":{"rendered":"DOSPITOR 8 NIVELE, MANUAL GN 1\/1 -MEC L864.1B-MA"},"content":{"rendered":"<p><strong>DOSPITOR 8 NIVELE, MANUAL GN 1\/1 -MEC L864.1B-MA- <\/strong>Dospitorul se folose\u0219te la unit\u0103\u021bile de alimenta\u021bie public\u0103, \u00een brut\u0103rii \u0219i cofet\u0103rii pentru dospirea buc\u0103\u021bilor de aluat, timp \u00een care aluatul cre\u0219te \u00een volum \u0219i cap\u0103t\u0103 o suprafa\u021b\u0103 plan\u0103, porozitatea acestuia este restaurat\u0103. Modelul este echipat cu un motor cu invertor automat al ventilatorului. Carcasa \u0219i interiorul sunt realizate din inox.<\/p>\n<p>Facilit\u0103\u021bi: Reglarea fluxului de aer direct; Interior iluminat cu l\u0103mpi cu halogen; Camer\u0103 cu col\u021buri rotunjite pentru o cur\u0103\u021bare u\u0219oar\u0103; U\u0219\u0103 din material presat.<\/p>\n<p>Caracteristici<br \/>\nTip echipament: electric<br \/>\nTip control: manual<br \/>\nConsum de energie: 2,0 kW<br \/>\nTip container: GN 1\/1, tavi 600\u00d7400 mm<br \/>\nNumar de nivele: 8<br \/>\nDistan\u021ba dintre nivele: 75 mm<br \/>\nTemperatura maxim\u0103 \u00een interiorul camerei: 60 \u00b0C<br \/>\nLatime: 800 mm<br \/>\nAd\u00e2ncime: 690 mm<br \/>\nInaltime: 860 mm<br \/>\nGreutate neta: 50 kg<br \/>\nInstalare: pe podea<br \/>\nSistem de alimentare: 220\/1N\/50V\/F\/Hz<br \/>\nUmidificare cu abur<br \/>\nTip dospitor: cu tavi<\/p>\n<p>&nbsp;<\/p>\n","protected":false},"excerpt":{"rendered":"<p>Dospitor cu 8 nivele, manual. Tip echipament: electric; Tip control: manual; Consum de energie: 2,0 kW; Tip container: GN 1\/1, tavi 600\u00d7400 mm; Numar de nivele: 8; Distan\u021ba dintre nivele: 75 mm; Temperatura maxim\u0103 \u00een interiorul camerei: 60 \u00b0C; Latime: 800 mm; Ad\u00e2ncime: 690 mm; Inaltime: 860 mm; Greutate neta: 50 kg; Instalare: pe podea; Sistem de alimentare: 220\/1N\/50V\/F\/Hz; Umidificare cu abur; Tip dospitor: cu tavi.<\/p>\n","protected":false},"featured_media":34218,"template":"","meta":[],"_links":{"self":[{"href":"https:\/\/evotek.md\/ro\/wp-json\/wp\/v2\/product\/34216"}],"collection":[{"href":"https:\/\/evotek.md\/ro\/wp-json\/wp\/v2\/product"}],"about":[{"href":"https:\/\/evotek.md\/ro\/wp-json\/wp\/v2\/types\/product"}],"wp:featuredmedia":[{"embeddable":true,"href":"https:\/\/evotek.md\/ro\/wp-json\/wp\/v2\/media\/34218"}],"wp:attachment":[{"href":"https:\/\/evotek.md\/ro\/wp-json\/wp\/v2\/media?parent=34216"}],"curies":[{"name":"wp","href":"https:\/\/api.w.org\/{rel}","templated":true}]}}