{"id":34206,"date":"2022-11-17T08:02:55","date_gmt":"2022-11-17T08:02:55","guid":{"rendered":"https:\/\/evotek.md\/?post_type=product&#038;p=34206"},"modified":"2023-01-30T12:00:17","modified_gmt":"2023-01-30T12:00:17","slug":"mec-pe43ue-1b","status":"publish","type":"product","link":"https:\/\/evotek.md\/ro\/produse\/echipamente-termice\/cuptoare-cu-convectie-cuptoare\/mec-pe43ue-1b\/","title":{"rendered":"CUPTOR ELECTRIC CU CONVECTIE 4 NIVELE -MEC PE43MU.1B"},"content":{"rendered":"<p><strong>CUPTOR ELECTRIC CU CONVECTIE 4 NIVELE -MEC PE43MU.1B-<\/strong> este un echipament profesional, al c\u0103rui scop principal este preg\u0103tirea de preparate gastronomice \u0219i produse de patiserie. Principalul avantaj de a g\u0103ti diverse feluri de m\u00e2ncare \u00een acela\u0219i timp \u00eentr-o perioad\u0103 scurt\u0103 de timp. Cuptorul cu convec\u021bie cu abur produs de MEC (Italia) este proiectat pentru 4 niveluri cu dimensiunea pun\u021bii de 450&#215;340 mm \u0219i o distan\u021b\u0103 \u00eentre niveluri de 75 mm. Combinatul cu aburi MEC PE 43 UE.1B este de tip consum &#8211; electric, in timp ce puterea cuptorului este de 2,85 kW. Cuptorul difer\u0103 prin simplitate \u0219i fiabilitate. \u00cen acest model oferit materialul carcasei \u2013 o\u021bel inoxidabil AISI. Toate aparatele cu aburi combinate MEC sunt echipamente de \u00eenalt\u0103 tehnologie de \u00eencredere, care \u00eendeplinesc cerin\u021bele sanitare ale unit\u0103\u021bilor de alimenta\u021bie public\u0103. Principalele caracteristici sunt performanta ridicata, simplitatea si usurinta in utilizare.<br \/>\nCaracteristici: Sistemul de formare a aburului pulverizeaza eficient apa, creand abur si satureaza camera de lucru; Design extrem de simplu \u0219i puternic, care, \u00eempreun\u0103 cu calitatea \u00eenalt\u0103, garanteaz\u0103 o func\u021bionare lung\u0103 \u0219i f\u0103r\u0103 probleme a produsului; Un ventilator bine echilibrat cu putere crescut\u0103 va asigura o distribu\u021bie rapid\u0103 \u0219i uniform\u0103 a c\u0103ldurii \u00een toat\u0103 camera; Garniturile sunt realizate din material rezistent la c\u0103ldur\u0103, ceea ce le va prelungi semnificativ durata de via\u021b\u0103; Camera cuptorului este realizat\u0103 cu margini rotunjite pentru o cur\u0103\u021bare u\u0219oar\u0103.<\/p>\n<p><strong>*Pentru a beneficia de garan\u021bie este obligatoriu de a fi instalat filtru DVA pentru acest echipament.<\/strong><\/p>\n<p>Caracteristici<br \/>\nInterval de temperatur\u0103 de func\u021bionare: +30\u2026+285 \u00b0C<br \/>\nTip de generare de abur: injector<br \/>\nDistan\u021ba dintre nivele: 75 mm<br \/>\nDimensiunea tavii: 450&#215;340 mm<br \/>\nTip control: mecanic<br \/>\nIluminare de fundal: da<br \/>\nCronometru: 120 min<br \/>\nFunc\u021bie abur: da<br \/>\nConexiune la ap\u0103: da<br \/>\nCon\u021binutul pachetului: pachetul nu include foi de copt<br \/>\nTip consum: electric<br \/>\nMaterial carcasa: otel inoxidabil<br \/>\nPutere: 2,85 kW<br \/>\nTensiune: 220V<br \/>\nLatime: 560 mm<br \/>\nAd\u00e2ncime: 600 mm<br \/>\nInaltime: 530 mm<br \/>\nGreutate: 36 kg<br \/>\nTara de productie: Italia<\/p>\n<p>&nbsp;<\/p>\n<p>&nbsp;<\/p>\n","protected":false},"excerpt":{"rendered":"<p>Cuptor cu convec\u021bie, cu 4 nivele. Interval de temperatur\u0103 de func\u021bionare: +30\u2026+285 \u00b0C; Tip de generare de abur: injector; Distan\u021ba dintre nivele: 75 mm; Dimensiunea tavii: 450&#215;340 mm; Tip control: mecanic; Iluminare de fundal: da; Cronometru: 120 min; Func\u021bie abur: da; Conexiune la ap\u0103: da; Con\u021binutul pachetului: pachetul nu include foi de copt; Tip consum: electric; Material carcasa: otel inoxidabil; Putere: 2,85 kW; Tensiune: 220V; Latime: 560 mm; Ad\u00e2ncime: 600 mm; Inaltime: 530 mm; Greutate: 36 kg; Tara de productie: Italia.<\/p>\n<p><strong>*T\u0103vile GN \u0219i t\u0103vile pentru patiserie nu sunt incluse \u00een set.<\/strong><br \/>\n<strong>*Recomand\u0103m instalarea adi\u021bional\u0103 a unui filtru DVA pentru o bun\u0103 func\u021bionare a cuptorului.<\/strong><\/p>\n","protected":false},"featured_media":34208,"template":"","meta":[],"_links":{"self":[{"href":"https:\/\/evotek.md\/ro\/wp-json\/wp\/v2\/product\/34206"}],"collection":[{"href":"https:\/\/evotek.md\/ro\/wp-json\/wp\/v2\/product"}],"about":[{"href":"https:\/\/evotek.md\/ro\/wp-json\/wp\/v2\/types\/product"}],"wp:featuredmedia":[{"embeddable":true,"href":"https:\/\/evotek.md\/ro\/wp-json\/wp\/v2\/media\/34208"}],"wp:attachment":[{"href":"https:\/\/evotek.md\/ro\/wp-json\/wp\/v2\/media?parent=34206"}],"curies":[{"name":"wp","href":"https:\/\/api.w.org\/{rel}","templated":true}]}}