{"id":34134,"date":"2022-11-15T12:33:08","date_gmt":"2022-11-15T12:33:08","guid":{"rendered":"https:\/\/evotek.md\/produse\/fara-categorie\/friteuza-electrica-6-l-m-09365213\/"},"modified":"2023-03-01T10:29:38","modified_gmt":"2023-03-01T10:29:38","slug":"friteuza-electrica-6-l-m-09365213","status":"publish","type":"product","link":"https:\/\/evotek.md\/ro\/produse\/echipamente-termice\/friteuze-3\/friteuza-electrica-6-l-m-09365213\/","title":{"rendered":"FRITEUZA ELECTRICA, 6 LITRI -M-09365213"},"content":{"rendered":"<p><strong>FRITEUZA ELECTRICA, 6 LITRI -M-09365213-<\/strong> este o friteuz\u0103 versatil\u0103 potrivit\u0103 pentru utilizarea zilnic\u0103. Friteuza are o friteuz\u0103 de 6 litri, ceea ce o face ideal\u0103 pentru prepararea gust\u0103rilor \u00een buc\u0103t\u0103riile profesionale. Friteuza de 6 litri are un finisaj \u00eengrijit, cu col\u021buri rotunjite \u0219i un capac pentru a preveni stropirea uleiului. \u00cempreun\u0103 cu designul ergonomic al friteuzei, aceasta asigur\u0103 o munc\u0103 pl\u0103cut\u0103 \u0219i sigur\u0103. Corpul, friteuza \u0219i co\u0219ul din o\u021bel inoxidabil sunt u\u0219or de cur\u0103\u021bat. Friteuza cu un volum de 6 litri este potrivita pentru prajirea diverselor preparate.<\/p>\n<p>Caracteristici: Componente Heavy Duty; Termostat de la 50 \u00b0C la 200 \u00b0C; Indicator de temperatura; Manerul este rezistent la caldura; St\u0103 pe 4 picioare de cauciuc; Construc\u021bie foarte durabil\u0103; Design igienic.<\/p>\n<p>Caracteristici<br \/>\nGreutate neta: 6,3 kg<br \/>\nMin. Capacitate ulei: 1 x 5.0L<br \/>\nMaxim. Capacitate ulei: 1 x 7.2L<br \/>\nCapacitate cartofi prajiti: 0,9 kg<br \/>\nDimensiuni co\u0219: L170 x D225 x H95 mm.<br \/>\nDimensiuni aparat: L265 x D420 x H290 mm<br \/>\nPutere electric\u0103 total\u0103: 3,0 kW<br \/>\nPutere: 230V \/ 50Hz \/ 1 faza 3000W<\/p>\n","protected":false},"excerpt":{"rendered":"<p>Friteuza electrica 6 litri. Greutate neta: 6,3 kg; Min. Capacitate ulei: 1 x 5.0L; Maxim. Capacitate ulei: 1 x 7.2L; Capacitate cartofi prajiti: 0,9 kg; Dimensiuni co\u0219: L170 x D225 x H95 mm; Dimensiuni aparat: L265 x D420 x H290 mm; Putere electric\u0103 total\u0103: 3,0 kW; Putere: 230V \/ 50Hz \/ 1 faza 3000W.<\/p>\n","protected":false},"featured_media":34761,"template":"","meta":[],"_links":{"self":[{"href":"https:\/\/evotek.md\/ro\/wp-json\/wp\/v2\/product\/34134"}],"collection":[{"href":"https:\/\/evotek.md\/ro\/wp-json\/wp\/v2\/product"}],"about":[{"href":"https:\/\/evotek.md\/ro\/wp-json\/wp\/v2\/types\/product"}],"wp:featuredmedia":[{"embeddable":true,"href":"https:\/\/evotek.md\/ro\/wp-json\/wp\/v2\/media\/34761"}],"wp:attachment":[{"href":"https:\/\/evotek.md\/ro\/wp-json\/wp\/v2\/media?parent=34134"}],"curies":[{"name":"wp","href":"https:\/\/api.w.org\/{rel}","templated":true}]}}