{"id":34116,"date":"2022-11-15T10:19:09","date_gmt":"2022-11-15T10:19:09","guid":{"rendered":"https:\/\/evotek.md\/produse\/fara-categorie\/masa-din-inox-pentru-aparat-de-cafea-cu-uscator-si-chuveta-st-486710\/"},"modified":"2022-12-29T14:41:54","modified_gmt":"2022-12-29T14:41:54","slug":"masa-din-inox-pentru-aparat-de-cafea-cu-uscator-si-chuveta-st-486710","status":"publish","type":"product","link":"https:\/\/evotek.md\/ro\/produse\/mobila-din-inox\/mese-din-inox\/mese-pentru-aparate-de-cafea\/masa-din-inox-pentru-aparat-de-cafea-cu-uscator-si-chuveta-st-486710\/","title":{"rendered":"MASA DIN INOX PENTRU APARAT DE CAFEA CU USCATOR SI CHUVETA ST-486710"},"content":{"rendered":"<p><strong>MASA DIN INOX PENTRU APARAT DE CAFEA CU USCATOR SI CHUVETA ST-486710<\/strong>&#8211; Mas\u0103 pentru ma\u0219in\u0103 de cafea cu usc\u0103tor \u0219i chiuvet\u0103 este o pies\u0103 de mobilier indispensabil\u0103 pentru orice cafenea, restaurant sau hotel. Designul mobilierului este perfect pentru diferite tipuri de espressoare.<\/p>\n<p>Sertarul pliabil cu frana este echipat cu bara de protectie pentru colectarea reziduurilor de cafea, ceea ce este o solutie foarte comoda. O gaur\u0103 special\u0103 \u00een partea superioar\u0103 faciliteaz\u0103 conectarea aparatului de cafea \u0219i ascunderea cablului, ceea ce contribuie \u0219i la o siguran\u021b\u0103 sporit\u0103. \u00cen plus, masa este echipat\u0103 cu o chiuvet\u0103 cu usc\u0103tor deta\u0219abil.<\/p>\n<p>Masa are si un dulap adaptat pentru un filtru de dedurizator de apa, iar un sertar pentru vase iti permite sa le ai mereu la indemana. Fabricat din o\u021bel inoxidabil, este o garan\u021bie a rezisten\u021bei la deterior\u0103ri mecanice \u0219i a u\u0219urin\u021bei igienei.<\/p>\n<p>Caracteristici<br \/>\nLatime: 1500 mm<br \/>\nAd\u00e2ncime: 700 mm<br \/>\nInaltime: 1000 mm<br \/>\nFabricat din material: otel inoxidabil<\/p>\n","protected":false},"excerpt":{"rendered":"<p>Masa din inox pentru aparat de cafea. Latime: 1500 mm; Ad\u00e2ncime: 700 mm; Inaltime: 1000 mm; Fabricat din material: otel inoxidabil.<\/p>\n","protected":false},"featured_media":34796,"template":"","meta":[],"_links":{"self":[{"href":"https:\/\/evotek.md\/ro\/wp-json\/wp\/v2\/product\/34116"}],"collection":[{"href":"https:\/\/evotek.md\/ro\/wp-json\/wp\/v2\/product"}],"about":[{"href":"https:\/\/evotek.md\/ro\/wp-json\/wp\/v2\/types\/product"}],"wp:featuredmedia":[{"embeddable":true,"href":"https:\/\/evotek.md\/ro\/wp-json\/wp\/v2\/media\/34796"}],"wp:attachment":[{"href":"https:\/\/evotek.md\/ro\/wp-json\/wp\/v2\/media?parent=34116"}],"curies":[{"name":"wp","href":"https:\/\/api.w.org\/{rel}","templated":true}]}}