{"id":34064,"date":"2022-11-11T11:57:08","date_gmt":"2022-11-11T11:57:08","guid":{"rendered":"https:\/\/evotek.md\/produse\/fara-categorie\/cuplaj-de-rezerva-pentru-ferastrau-cu-prindere-cu-surub-sanelli-1315-300\/"},"modified":"2023-03-02T13:05:28","modified_gmt":"2023-03-02T13:05:28","slug":"cuplaj-de-rezerva-pentru-ferastrau-cu-prindere-cu-surub-sanelli-1315-300","status":"publish","type":"product","link":"https:\/\/evotek.md\/ro\/produse\/accesorii-si-inventar-bucatarie\/ferastrau-manual-pentru-taierea-carnii\/cuplaj-de-rezerva-pentru-ferastrau-cu-prindere-cu-surub-sanelli-1315-300\/","title":{"rendered":"CUPLAJ DE REZERVA PENTRU FIERASTRAU CU PRINDERE CU SURUB Sanelli-1315.300"},"content":{"rendered":"<p><strong>CUPLAJ DE REZERVA PENTRU FIERASTRAU CU PRINDERE CU SURUB Sanelli-1315.300<\/strong><\/p>\n","protected":false},"excerpt":{"rendered":"<p>Cuplaj de rezerv\u0103 pentru fer\u0103str\u0103u cu prindere cu \u0219urub.<\/p>\n","protected":false},"featured_media":34063,"template":"","meta":[],"_links":{"self":[{"href":"https:\/\/evotek.md\/ro\/wp-json\/wp\/v2\/product\/34064"}],"collection":[{"href":"https:\/\/evotek.md\/ro\/wp-json\/wp\/v2\/product"}],"about":[{"href":"https:\/\/evotek.md\/ro\/wp-json\/wp\/v2\/types\/product"}],"wp:featuredmedia":[{"embeddable":true,"href":"https:\/\/evotek.md\/ro\/wp-json\/wp\/v2\/media\/34063"}],"wp:attachment":[{"href":"https:\/\/evotek.md\/ro\/wp-json\/wp\/v2\/media?parent=34064"}],"curies":[{"name":"wp","href":"https:\/\/api.w.org\/{rel}","templated":true}]}}