{"id":34035,"date":"2022-11-11T11:21:00","date_gmt":"2022-11-11T11:21:00","guid":{"rendered":"https:\/\/evotek.md\/?post_type=product&#038;p=34035"},"modified":"2022-11-11T11:22:22","modified_gmt":"2022-11-11T11:22:22","slug":"s246-014","status":"publish","type":"product","link":"https:\/\/evotek.md\/ro\/produse\/accesorii-si-inventar-bucatarie\/cutite-bucatarie\/s246-014\/","title":{"rendered":"CUIT PENTRU CASCAVAL CU LAMA DECALATA 140 mm Sanelli-S246.014"},"content":{"rendered":"<p><strong>CUIT PENTRU CASCAVAL CU LAMA DECALATA 140 mm Sanelli-S246.014<\/strong><\/p>\n<p>Cu\u021bitele Supra sunt special concepute pentru uz profesional: lamele de \u00eenalt\u0103 calitate sunt fabricate din o\u021bel inoxidabil special NITRO-B cu azot (1.4916) \u0219i apoi combinate cu m\u00e2nere ergonomice SEBS. toate materialele<br \/>\nsunt sterilizabile, foarte rezistente la impact, agen\u021bi corozivi \u0219i temperaturi ridicate \u0219i respect\u0103 reglement\u0103rile UE de igien\u0103 alimentar\u0103.<\/p>\n<p>O gam\u0103 larg\u0103 de produse, combinat\u0103 cu utilizarea \u00een siguran\u021b\u0103, forme func\u021bionale \u0219i design exclusiv, fac din cu\u021bitele Supra instrumente de lucru indispensabile pentru buc\u0103tari, m\u0103celari \u0219i to\u021bi ceilal\u021bi utilizatori profesioni\u0219ti.<\/p>\n<p>Caracteristici<br \/>\nscopul cu\u021bitului: pentru cascaval<br \/>\nlungimea lamei: 140 mm<br \/>\nculoare m\u00e2ner: negru<br \/>\nSeria: Supra<br \/>\nmaterial maner: polipropilena<br \/>\nmaterial lamei: otel inoxidabil<\/p>\n","protected":false},"excerpt":{"rendered":"<p>Cutit pentru cascaval cu lama decalata 140 mm. scopul cu\u021bitului: pentru cascaval; lungimea lamei: 140 mm; culoare m\u00e2ner: negru; Seria: Supra; material maner: polipropilena; material lamei: otel inoxidabil.<\/p>\n","protected":false},"featured_media":34038,"template":"","meta":[],"_links":{"self":[{"href":"https:\/\/evotek.md\/ro\/wp-json\/wp\/v2\/product\/34035"}],"collection":[{"href":"https:\/\/evotek.md\/ro\/wp-json\/wp\/v2\/product"}],"about":[{"href":"https:\/\/evotek.md\/ro\/wp-json\/wp\/v2\/types\/product"}],"wp:featuredmedia":[{"embeddable":true,"href":"https:\/\/evotek.md\/ro\/wp-json\/wp\/v2\/media\/34038"}],"wp:attachment":[{"href":"https:\/\/evotek.md\/ro\/wp-json\/wp\/v2\/media?parent=34035"}],"curies":[{"name":"wp","href":"https:\/\/api.w.org\/{rel}","templated":true}]}}