{"id":34033,"date":"2022-11-11T11:17:34","date_gmt":"2022-11-11T11:17:34","guid":{"rendered":"https:\/\/evotek.md\/produse\/fara-categorie\/cuit-pentru-cascaval-cu-lama-decalata-sanelli-s247-022\/"},"modified":"2022-11-11T15:39:54","modified_gmt":"2022-11-11T15:39:54","slug":"sanelli-s247-022","status":"publish","type":"product","link":"https:\/\/evotek.md\/ro\/produse\/accesorii-si-inventar-bucatarie\/cutite-bucatarie\/sanelli-s247-022\/","title":{"rendered":"CUIT PENTRU CASCAVAL CU LAMA DECALATA 220 mm Sanelli-S247.022"},"content":{"rendered":"<p><strong>CUIT PENTRU CASCAVAL CU LAMA DECALATA 220 mm Sanelli-S247.022<\/strong><\/p>\n<p>Cu\u021bitele Supra sunt special concepute pentru uz profesional: lamele de \u00eenalt\u0103 calitate sunt fabricate din o\u021bel inoxidabil special NITRO-B cu azot (1.4916) \u0219i apoi combinate cu m\u00e2nere ergonomice SEBS. toate materialele<br \/>\nsunt sterilizabile, foarte rezistente la impact, agen\u021bi corozivi \u0219i temperaturi ridicate \u0219i respect\u0103 reglement\u0103rile UE de igien\u0103 alimentar\u0103.<\/p>\n<p>O gam\u0103 larg\u0103 de produse, combinat\u0103 cu utilizarea \u00een siguran\u021b\u0103, forme func\u021bionale \u0219i design exclusiv, fac din cu\u021bitele Supra instrumente de lucru indispensabile pentru buc\u0103tari, m\u0103celari \u0219i to\u021bi ceilal\u021bi utilizatori profesioni\u0219ti.<\/p>\n<p>Caracteristici<br \/>\nLungimea lamei: 220 mm<br \/>\nCuloare m\u00e2ner: negru<br \/>\nSeria: Supra<br \/>\nMaterial maner: polipropilena<br \/>\nMaterial lamei: otel inoxidabil<\/p>\n","protected":false},"excerpt":{"rendered":"<p>Cutit pentru cascaval cu lama decalata 220 mm. Lungimea lamei: 220 mm; Culoare m\u00e2ner: negru; Seria: Supra; Material maner: polipropilena; Material lamei: otel inoxidabil.<\/p>\n","protected":false},"featured_media":34032,"template":"","meta":[],"_links":{"self":[{"href":"https:\/\/evotek.md\/ro\/wp-json\/wp\/v2\/product\/34033"}],"collection":[{"href":"https:\/\/evotek.md\/ro\/wp-json\/wp\/v2\/product"}],"about":[{"href":"https:\/\/evotek.md\/ro\/wp-json\/wp\/v2\/types\/product"}],"wp:featuredmedia":[{"embeddable":true,"href":"https:\/\/evotek.md\/ro\/wp-json\/wp\/v2\/media\/34032"}],"wp:attachment":[{"href":"https:\/\/evotek.md\/ro\/wp-json\/wp\/v2\/media?parent=34033"}],"curies":[{"name":"wp","href":"https:\/\/api.w.org\/{rel}","templated":true}]}}