{"id":34014,"date":"2022-11-11T10:42:18","date_gmt":"2022-11-11T10:42:18","guid":{"rendered":"https:\/\/evotek.md\/?post_type=product&#038;p=34014"},"modified":"2022-11-11T10:47:23","modified_gmt":"2022-11-11T10:47:23","slug":"t349-020p","status":"publish","type":"product","link":"https:\/\/evotek.md\/ro\/produse\/accesorii-si-inventar-bucatarie\/cutite-bucatarie\/t349-020p\/","title":{"rendered":"CUTITUL BUCATARULUI 20 cm Sanelli-T349.020P"},"content":{"rendered":"<p><strong>CUTITUL BUCATARULUI 20 cm Sanelli-T349.020P-<\/strong> Conceput\u0103 special pentru profesioni\u0219ti, linia Supra Colore ajut\u0103 la reducerea riscului de contaminare prin utilizarea unui sistem de codificare a culorilor care atribuie o sarcin\u0103 specific\u0103 fiec\u0103rui cu\u021bit, astfel \u00eenc\u00e2t s\u0103 poat\u0103 fi identificate cu u\u0219urin\u021b\u0103 diferite zone ale proces\u0103rii alimentelor. Implementarea acestui sistem v\u0103 ofer\u0103 o cre\u0219tere semnificativ\u0103 a siguran\u021bei alimentelor \u00een acela\u0219i timp, este un r\u0103spuns simplu la reglement\u0103rile HACCP privind igiena alimentelor, pentru o protec\u021bie \u0219i mai mare a consumatorilor.<\/p>\n<p>Caracteristici<br \/>\nLungime: 20 cm<br \/>\nMaterial: inox<br \/>\nCuloare: gri, violet<\/p>\n","protected":false},"excerpt":{"rendered":"<p>Cu\u021bitul buc\u0103tarului. Lungime: 20 cm; Material: inox; Culoare: gri, violet.<\/p>\n","protected":false},"featured_media":34018,"template":"","meta":[],"_links":{"self":[{"href":"https:\/\/evotek.md\/ro\/wp-json\/wp\/v2\/product\/34014"}],"collection":[{"href":"https:\/\/evotek.md\/ro\/wp-json\/wp\/v2\/product"}],"about":[{"href":"https:\/\/evotek.md\/ro\/wp-json\/wp\/v2\/types\/product"}],"wp:featuredmedia":[{"embeddable":true,"href":"https:\/\/evotek.md\/ro\/wp-json\/wp\/v2\/media\/34018"}],"wp:attachment":[{"href":"https:\/\/evotek.md\/ro\/wp-json\/wp\/v2\/media?parent=34014"}],"curies":[{"name":"wp","href":"https:\/\/api.w.org\/{rel}","templated":true}]}}