{"id":34007,"date":"2022-11-11T10:08:35","date_gmt":"2022-11-11T10:08:35","guid":{"rendered":"https:\/\/evotek.md\/produse\/fara-categorie\/sanelli-1325-011\/"},"modified":"2022-11-11T10:08:35","modified_gmt":"2022-11-11T10:08:35","slug":"sanelli-1325-011","status":"publish","type":"product","link":"https:\/\/evotek.md\/ro\/produse\/accesorii-si-inventar-bucatarie\/accesorii-pentru-bar\/sanelli-1325-011\/","title":{"rendered":"TOCATOR PENTRU CARNE CU MANER CURBAT 310 mm Sanelli-1325.011"},"content":{"rendered":"<p><strong>TOCATOR PENTRU CARNE CU MANER CURBAT 310 mm Sanelli-1325.011-<\/strong> Tocatorul cu m\u00e2ner curbat este utilizat \u00een unit\u0103\u021bile de catering \u0219i comer\u021b. Poate fi spalat in masina de spalat vase.<\/p>\n<p>Caracteristici<br \/>\nGreutate: 1,1 kg<br \/>\nLungime: 310 mm<br \/>\nMaterial: otel inoxidabil<br \/>\nProducator: SANELLI<\/p>\n","protected":false},"excerpt":{"rendered":"<p>Tocator pentru carne cu maner curbat 310 mm. Greutate: 1,1 kg; Lungime: 310 mm; Material: otel inoxidabil; Producator: SANELLI.<\/p>\n","protected":false},"featured_media":34006,"template":"","meta":[],"_links":{"self":[{"href":"https:\/\/evotek.md\/ro\/wp-json\/wp\/v2\/product\/34007"}],"collection":[{"href":"https:\/\/evotek.md\/ro\/wp-json\/wp\/v2\/product"}],"about":[{"href":"https:\/\/evotek.md\/ro\/wp-json\/wp\/v2\/types\/product"}],"wp:featuredmedia":[{"embeddable":true,"href":"https:\/\/evotek.md\/ro\/wp-json\/wp\/v2\/media\/34006"}],"wp:attachment":[{"href":"https:\/\/evotek.md\/ro\/wp-json\/wp\/v2\/media?parent=34007"}],"curies":[{"name":"wp","href":"https:\/\/api.w.org\/{rel}","templated":true}]}}