{"id":3397,"date":"2020-02-28T11:42:53","date_gmt":"2020-02-28T11:44:30","guid":{"rendered":"https:\/\/evotek.md\/?post_type=product&#038;p=3397"},"modified":"2023-11-27T13:02:57","modified_gmt":"2023-11-27T13:02:57","slug":"m-09300065","status":"publish","type":"product","link":"https:\/\/evotek.md\/ro\/produse\/echipamente-pentru-fast-food\/suprafete-de-prajire-2-oborudovanie-dlia-fast-food\/m-09300065\/","title":{"rendered":"SUPRAFATA DE PRAJIT ELECTRICA, NETEDA 55 cm -M-09300065"},"content":{"rendered":"<p><strong>SUPRAFATA DE PRAJIT ELECTRICA, NETEDA 55 cm -M-09300065- <\/strong>Destinat\u0103 pentru \u00eentreprinderile de fast-food cu o grosime a suprafe\u021bei de g\u0103tit de 6 mm. Aparatul garanteaz\u0103 prepararea perfect\u0103 a bucatelor. La acest model, toat\u0103 suprafa\u021ba de pr\u0103jire este plat\u0103. Plita are indicatori datorit\u0103 c\u0103rora pute\u021bi regla temperatura. Aceast\u0103 suptafa\u021b\u0103 are picioare de cauciuc, ceea ce \u00eempiedic\u0103 alunecarea. Caracteristici: suprafa\u021b\u0103 absolut plat\u0103; Echipat cu o protec\u021bie mare \u00eempotriva stropirii; Carcasa \u0219i tava din inox; Element de \u00eenc\u0103lzire puternic; Indicator de temperatur\u0103; Potrivit pentru utilizare permanent\u0103; U\u0219or de cur\u0103\u021bat.<\/p>\n<p>Caracteristici<\/p>\n<p>Produc\u0103tor: Maxima<\/p>\n<p>Dimensiuni generale: 560x470x250 mm<\/p>\n<p>Dimensiunile suprafe\u021bei de pr\u0103jit: 555&#215;365 mm<\/p>\n<p>Termostat reglabil: 70 \u00b0 C p\u00e2n\u0103 la 300 \u00b0 C<\/p>\n<p>Conexiune: 230 V \/ 50 Hz \/ 1 faz\u0103 3000 W<\/p>\n<p>Greutate net\u0103: 23 kg<\/p>\n<p>&nbsp;<\/p>\n","protected":false},"excerpt":{"rendered":"<p>Suprafa\u021b\u0103 de pr\u0103jit plat\u0103 cu dimensiunea suprafe\u021bei de lucru de 555&#215;365 mm. Dimensiuni generale: 560x470x250 mm; Termostat reglabil: de la 70 \u00b0 C la 300 \u00b0 C; Conexiune: 230 V \/ 50 Hz \/ 1 faz\u0103 3000 W; Greutate net\u0103: 23 kg.<\/p>\n","protected":false},"featured_media":3388,"template":"","meta":[],"_links":{"self":[{"href":"https:\/\/evotek.md\/ro\/wp-json\/wp\/v2\/product\/3397"}],"collection":[{"href":"https:\/\/evotek.md\/ro\/wp-json\/wp\/v2\/product"}],"about":[{"href":"https:\/\/evotek.md\/ro\/wp-json\/wp\/v2\/types\/product"}],"wp:featuredmedia":[{"embeddable":true,"href":"https:\/\/evotek.md\/ro\/wp-json\/wp\/v2\/media\/3388"}],"wp:attachment":[{"href":"https:\/\/evotek.md\/ro\/wp-json\/wp\/v2\/media?parent=3397"}],"curies":[{"name":"wp","href":"https:\/\/api.w.org\/{rel}","templated":true}]}}