{"id":33948,"date":"2022-10-28T10:05:40","date_gmt":"2022-10-28T10:05:40","guid":{"rendered":"https:\/\/evotek.md\/?post_type=product&#038;p=33948"},"modified":"2023-02-13T15:32:52","modified_gmt":"2023-02-13T15:32:52","slug":"emp-pls-9ie021","status":"publish","type":"product","link":"https:\/\/evotek.md\/ro\/produse\/echipamente-pentru-fast-food\/suprafete-de-prajire-2-oborudovanie-dlia-fast-food\/emp-pls-9ie021\/","title":{"rendered":"SUPRAFATA DE PRAJIT ELECTRICA, RIFLATA -EMP.PLS.9IE021"},"content":{"rendered":"<p><strong>SUPRAFATA DE PRAJIT ELECTRICA, RIFLATA -EMP.PLS.9IE021-<\/strong> se folose\u0219te \u00een unit\u0103\u021bile de catering \u0219i fast-food pentru pr\u0103jirea c\u0103rnii, pe\u0219telui \u0219i legumelor. Facilitati: Control termostatic; Incalzire cu doua zone in module complete; Rezervor deta\u0219abil de colectare a uleiului; Corp din o\u021bel inoxidabil.<\/p>\n<p>Caracteristici<br \/>\nMaterial: otel inoxidabil 304K<br \/>\nDimensiuni: 800x900x300 mm<br \/>\nGreutate: 115 kg<br \/>\nConexiune: 400 V<br \/>\nPutere: 12 kW<br \/>\nSuprafata: riflata<\/p>\n<p>&nbsp;<\/p>\n","protected":false},"excerpt":{"rendered":"<p>Suprafa\u021b\u0103 de pr\u0103jit electric\u0103, neted\u0103. Material: otel inoxidabil 304K; Dimensiuni: 800x900x300 mm; Greutate: 115 kg; Conexiune: 400 V; Putere: 12 kW.<\/p>\n","protected":false},"featured_media":41433,"template":"","meta":[],"_links":{"self":[{"href":"https:\/\/evotek.md\/ro\/wp-json\/wp\/v2\/product\/33948"}],"collection":[{"href":"https:\/\/evotek.md\/ro\/wp-json\/wp\/v2\/product"}],"about":[{"href":"https:\/\/evotek.md\/ro\/wp-json\/wp\/v2\/types\/product"}],"wp:featuredmedia":[{"embeddable":true,"href":"https:\/\/evotek.md\/ro\/wp-json\/wp\/v2\/media\/41433"}],"wp:attachment":[{"href":"https:\/\/evotek.md\/ro\/wp-json\/wp\/v2\/media?parent=33948"}],"curies":[{"name":"wp","href":"https:\/\/api.w.org\/{rel}","templated":true}]}}