{"id":33819,"date":"2022-10-18T10:26:19","date_gmt":"2022-10-18T10:26:19","guid":{"rendered":"https:\/\/evotek.md\/produse\/fara-categorie\/slicer-sirman-smart-250\/"},"modified":"2023-02-24T15:59:49","modified_gmt":"2023-02-24T15:59:49","slug":"slicer-sirman-smart-250","status":"publish","type":"product","link":"https:\/\/evotek.md\/ro\/produse\/echipamente-electromecanice\/slicer\/slicer-sirman-smart-250\/","title":{"rendered":"SLICER \u00d8 250 mm (feliere 0,2-13 mm) -Sirman-10251602"},"content":{"rendered":"<p><strong>SLICER \u00d8 250 mm (feliere 0,2-13 mm) -Sirman-10251602- <\/strong>Ma\u0219ina de feliere Sirman SMART 250 este conceput\u0103 pentru a t\u0103ia carnea, br\u00e2nza, c\u00e2rna\u021bii \u0219i alte produse alimentare \u00een felii egale \u0219i egale \u00een unit\u0103\u021bile de catering \u0219i comer\u021b. Modelul este echipat cu un motor ventilat si lame zimtate.<\/p>\n<p><strong>Facilit\u0103\u021bi:<\/strong><br \/>\nDispozitiv de ascu\u021bire turnat \u00eencorporat cu \u0219mirghel dublu<br \/>\nC\u0103rucior alunec\u00e2nd pe buc\u0219e auto-lubrifiante \u0219i tije de lep\u0103tur\u0103<br \/>\nDistan\u021b\u0103 mare \u00eentre motor \u0219i lam\u0103 pentru o cur\u0103\u021bare mai u\u0219oar\u0103<br \/>\nVersiune profesional\u0103 CE cu eliberare pentru c\u0103rucior<\/p>\n<p><strong>Caracteristici<\/strong><br \/>\nTip control: semi-automat<br \/>\nDiametrul lamei: 250 mm<br \/>\nGrosimea de feliere: 0,2 p\u00e2n\u0103 la 13 mm<br \/>\nTensiune: 220V<br \/>\nPutere: 0,132 kW<br \/>\nMaterial corp: aluminiu anodizat<br \/>\nMaterial cu\u021bit: o\u021bel inoxidabil<br \/>\nLatime: 500 mm<br \/>\nAd\u00e2ncime: 460 mm<br \/>\n\u00cen\u0103l\u021bime: 365 p\u00e2n\u0103 la 460 mm<br \/>\nGreutate (fara ambalaj): 15,5 kg<br \/>\nCurs\u0103 pedalier: 247 mm<br \/>\n\u00cenclinarea cu\u021bitului: 25\u00b0<br \/>\nDimensiunea tavii: 225x240mm<\/p>\n","protected":false},"excerpt":{"rendered":"<p>Slicer. Tip control: semi-automat; Diametrul lamei: 250 mm; Grosimea de feliere: 0,2 p\u00e2n\u0103 la 13 mm; Tensiune: 220V; Putere: 0,132 kW; Material corp: aluminiu anodizat; Material cu\u021bit: o\u021bel inoxidabil; Latime: 500 mm; Ad\u00e2ncime: 460 mm; \u00cen\u0103l\u021bime: 365 p\u00e2n\u0103 la 460 mm; Greutate (fara ambalaj): 15,5 kg; Curs\u0103 pedalier: 247 mm; \u00cenclinarea cu\u021bitului: 25\u00b0; Dimensiunea tavii: 225x240mm.<\/p>\n","protected":false},"featured_media":33814,"template":"","meta":[],"_links":{"self":[{"href":"https:\/\/evotek.md\/ro\/wp-json\/wp\/v2\/product\/33819"}],"collection":[{"href":"https:\/\/evotek.md\/ro\/wp-json\/wp\/v2\/product"}],"about":[{"href":"https:\/\/evotek.md\/ro\/wp-json\/wp\/v2\/types\/product"}],"wp:featuredmedia":[{"embeddable":true,"href":"https:\/\/evotek.md\/ro\/wp-json\/wp\/v2\/media\/33814"}],"wp:attachment":[{"href":"https:\/\/evotek.md\/ro\/wp-json\/wp\/v2\/media?parent=33819"}],"curies":[{"name":"wp","href":"https:\/\/api.w.org\/{rel}","templated":true}]}}