{"id":33810,"date":"2022-10-18T10:07:27","date_gmt":"2022-10-18T10:07:27","guid":{"rendered":"https:\/\/evotek.md\/produse\/fara-categorie\/maruntitor-de-gheata-sirman-nordkapp\/"},"modified":"2023-03-02T11:18:51","modified_gmt":"2023-03-02T11:18:51","slug":"sirman-60150002","status":"publish","type":"product","link":"https:\/\/evotek.md\/ro\/produse\/echipamente-pentru-bar-si-cafea\/masina-de-maruntit-gheata-2\/sirman-60150002\/","title":{"rendered":"ZDROBITOR DE GHEATA, 3 LITRI NORDKAPP-SIRMAN-60150002"},"content":{"rendered":"<p><strong>ZDROBITOR DE GHEATA, 3 LITRI NORDKAPP-SIRMAN-60150002-<\/strong> Maruntitor de gheata Sirman Nordkapp este utilizat \u00een unit\u0103\u021bile de catering \u0219i comer\u021b pentru a zdrobi ghea\u021ba folosit\u0103 pentru a face b\u0103uturi \u0219i sucuri congelate, precum \u0219i pentru a expune pe\u0219te sau m\u00e2nc\u0103ruri proaspete. Modelul este echipat cu un motor de ventilator cu angrenaj si un micro intrerupator pe capac pentru siguranta maxima a operatorului.<\/p>\n<p><strong>Particularitati:<\/strong><br \/>\nTransform\u0103 \u00een fragmente mici orice cub de ghea\u021b la -3\u00b0C<br \/>\nLa ie\u0219ire, se asigur\u0103 ajustarea pentru dimensiunea medie a fragmentelor<br \/>\nCarcasa din aluminiu extrudat<br \/>\nCupa din o\u021bel inoxidabil<br \/>\nTubul de ie\u0219ire a ghe\u021bei m\u0103run\u021bite ABS de calitate alimentar\u0103<br \/>\nCu\u021bite de zdrobire din o\u021bel<\/p>\n<p><strong>Caracteristici<\/strong><br \/>\nTip: electric<br \/>\nTensiune: 220V<br \/>\nConsum de energie: 0,15 kW<br \/>\nLatime: 205 mm<br \/>\nAd\u00e2ncime: 285 mm<br \/>\nInaltime: 491 mm<br \/>\nGreutate (fara ambalaj): 5,2 kg<br \/>\nViteza de rota\u021bie a lamei: 800 rpm.<br \/>\nCapacitate bunc\u0103r de ghea\u021b\u0103: 3L<br \/>\nDimensiunea maxim\u0103 a cubului de ghea\u021b\u0103 \u00eenc\u0103rcat: 40x40mm<br \/>\nDimensiuni pachet: 410x280x560 mm<\/p>\n","protected":false},"excerpt":{"rendered":"<p>Maruntitor de gheata. Tip: electric; Tensiune: 220V; Consum de energie: 0,15 kW; Latime: 205 mm; Ad\u00e2ncime: 285 mm; Inaltime: 491 mm; Greutate (fara ambalaj): 5,2 kg; Viteza de rota\u021bie a lamei: 800 rpm.; Capacitate bunc\u0103r de ghea\u021b\u0103: 3L; Dimensiunea maxim\u0103 a cubului de ghea\u021b\u0103 \u00eenc\u0103rcat: 40&#215;40 mm; Dimensiuni pachet: 410x280x560 mm.<\/p>\n","protected":false},"featured_media":33800,"template":"","meta":[],"_links":{"self":[{"href":"https:\/\/evotek.md\/ro\/wp-json\/wp\/v2\/product\/33810"}],"collection":[{"href":"https:\/\/evotek.md\/ro\/wp-json\/wp\/v2\/product"}],"about":[{"href":"https:\/\/evotek.md\/ro\/wp-json\/wp\/v2\/types\/product"}],"wp:featuredmedia":[{"embeddable":true,"href":"https:\/\/evotek.md\/ro\/wp-json\/wp\/v2\/media\/33800"}],"wp:attachment":[{"href":"https:\/\/evotek.md\/ro\/wp-json\/wp\/v2\/media?parent=33810"}],"curies":[{"name":"wp","href":"https:\/\/api.w.org\/{rel}","templated":true}]}}