{"id":33796,"date":"2022-10-18T09:10:03","date_gmt":"2022-10-18T09:10:03","guid":{"rendered":"https:\/\/evotek.md\/produse\/fara-categorie\/ip-80-xp-ba\/"},"modified":"2022-10-19T07:14:38","modified_gmt":"2022-10-19T07:14:38","slug":"ip-80-xp-ba","status":"publish","type":"product","link":"https:\/\/evotek.md\/ro\/produse\/echipamente-electromecanice\/mixer-pentru-carne\/ip-80-xp-ba\/","title":{"rendered":"MIXER MANUAL PENTRU CARNE IP 80 XP B\u0410 -SIRMAN-408061B03F"},"content":{"rendered":"<p><strong>MIXER MANUAL PENTRU CARNE IP 80 XP B\u0410 -SIRMAN-408061B03F- <\/strong>Mixer carne cu design modern \u0219i construc\u021bie robust\u0103 din o\u021bel gros AISI 304. Cad\u0103 basculabil\u0103 cu sistem de blocare automat\u0103 \u0219i blocare de siguran\u021b\u0103. Roti pivotante din otel inoxidabil cu frana. Sistem clasic cu 2 arbori situati unul langa altul. Lamele din o\u021bel inoxidabil AISI 304 pot fi \u00eendep\u0103rtate cu u\u0219urin\u021b\u0103 f\u0103r\u0103 unelte. Carter cu protec\u021bie complet\u0103 pe partea de vitez\u0103\/comand\u0103. Cutie de viteze \u00een baie de ulei cu angrenaje \u0219lefuite \u0219i \u00eent\u0103rite. Sistem dublu de protectie lichid: pe baie si pe cutie de viteze.<br \/>\nCapac din o\u021bel inoxidabil cu micro\u00eentrerup\u0103tor de siguran\u021b\u0103. Sarcina minim\u0103 este de 40% din capacitatea b\u0103ii. Ideal si pentru aluat tare si salate.<\/p>\n<p><strong>Facilit\u0103\u021bi:<\/strong><br \/>\n&#8211; func\u021bia revers (inainte si inapoi)<br \/>\n&#8211; cu oprire automata<br \/>\n&#8211; p\u00e2lnie pentru ad\u0103ugarea ingredientelor<\/p>\n<p><strong>Caracteristici<\/strong><br \/>\nPutere: watt 1ph watt 370 &#8211; CP 0,5 (x2)\/3ph watt 530 &#8211; CP 0,7 (x2) Alimentare: 1ph\/3ph<br \/>\nCapacitate: 80 kg &#8211; 110 litri<br \/>\nDimensiuni rezervor: 620&#215;500 mm<br \/>\nDimensiuni totale: 1000x630x1617 mm<br \/>\nGreutate neta: 101 kg<\/p>\n","protected":false},"excerpt":{"rendered":"<p>Mixer manual pentru carne. Putere: watt 1ph watt 370 &#8211; CP 0,5 (x2)\/3ph watt 530 &#8211; CP 0,7 (x2); Alimentare: 1ph\/3ph; Capacitate: 80 kg &#8211; 110 litri; Dimensiuni rezervor: 620&#215;500 mm; Dimensiuni totale: 1000x630x1617 mm; Greutate neta: 101 kg.<\/p>\n","protected":false},"featured_media":33795,"template":"","meta":[],"_links":{"self":[{"href":"https:\/\/evotek.md\/ro\/wp-json\/wp\/v2\/product\/33796"}],"collection":[{"href":"https:\/\/evotek.md\/ro\/wp-json\/wp\/v2\/product"}],"about":[{"href":"https:\/\/evotek.md\/ro\/wp-json\/wp\/v2\/types\/product"}],"wp:featuredmedia":[{"embeddable":true,"href":"https:\/\/evotek.md\/ro\/wp-json\/wp\/v2\/media\/33795"}],"wp:attachment":[{"href":"https:\/\/evotek.md\/ro\/wp-json\/wp\/v2\/media?parent=33796"}],"curies":[{"name":"wp","href":"https:\/\/api.w.org\/{rel}","templated":true}]}}