{"id":33768,"date":"2022-10-18T07:17:34","date_gmt":"2022-10-18T07:17:34","guid":{"rendered":"https:\/\/evotek.md\/?post_type=product&#038;p=33768"},"modified":"2022-10-18T07:32:42","modified_gmt":"2022-10-18T07:32:42","slug":"mec-pe-46ue-1b","status":"publish","type":"product","link":"https:\/\/evotek.md\/ro\/produse\/echipamente-termice\/cuptoare-cu-convectie-cuptoare\/mec-pe-46ue-1b\/","title":{"rendered":"CUPTOR CU CONVECTIE CU 4 NIVELE -MEC PE 46UE.1B"},"content":{"rendered":"<p><strong>CUPTOR CU CONVECTIE CU 4 NIVELE -MEC PE 46UE.1B-<\/strong> Cuptoarele cu convec\u021bie MEC sunt concepute pentru coacerea produselor de panifica\u021bie \u0219i cofet\u0103rie, g\u0103tirea \u0219i \u00eenc\u0103lzirea diverselor feluri de m\u00e2ncare la unit\u0103\u021bile de alimenta\u021bie public\u0103 \u0219i comer\u021b. Gatirea si coacerea au loc datorita circulatiei uniforme a aerului cald in interiorul camerei de lucru a cuptorului. Modelul este echipat cu o u\u0219\u0103 cu sticl\u0103 cu emisivitate sc\u0103zut\u0103 \u0219i o etan\u0219are. Corpul \u0219i camera de lucru sunt realizate din o\u021bel inoxidabil.<\/p>\n<p><strong>*Pentru a beneficia de garantie este obligatoriu instalarea unui filtru DVA pe acest echipament.<\/strong><\/p>\n<p>Caracteristici<br \/>\nTemporizator mecanic de la 0 la 120 min<br \/>\nControl manual al umidit\u0103\u021bii<br \/>\n2 motoare<br \/>\nCarcasa si camera de lucru din otel inoxidabil<br \/>\nIluminat interior<br \/>\nCamer\u0103 de lucru cu margini rotunjite pentru o cur\u0103\u021bare u\u0219oar\u0103<br \/>\nTip de generare de abur: injectie<br \/>\nTip echipament: electric<br \/>\nTip recipiente: recipiente gastronorm GN 1\/1, tavi 400\u00d7600 mm<br \/>\nManagement: mecanic<br \/>\nTip de instalare: pe podea<br \/>\nNumar de nivele: 4<br \/>\nDistan\u021ba dintre nivele: 75 mm<br \/>\nTemperatura maxim\u0103 \u00een interiorul camerei: 260 \u00b0C<br \/>\nLatime: 750 mm<br \/>\nAd\u00e2ncime: 650 mm<br \/>\nInaltime: 560 mm<br \/>\nGreutate neta: 48 kg<br \/>\nPutere: 3,4 kW<br \/>\nSistem de alimentare: 220V \/ 1N Ph \/ 50Hz<\/p>\n","protected":false},"excerpt":{"rendered":"<p>Cuptor cu convec\u021bie, cu 4 nivele. Tip de generare de abur: injectie; Tip echipament: electric; Tip recipiente: recipiente gastronorm GN 1\/1, tavi 400\u00d7600 mm; Management: mecanic; Tip de instalare: pe podea; Numar de nivele: 4; Distan\u021ba dintre nivele: 75 mm; Temperatura maxim\u0103 \u00een interiorul camerei: 260 \u00b0C; Latime: 750 mm; Ad\u00e2ncime: 650 mm; Inaltime: 560 mm; Greutate neta: 48 kg; Putere: 3,4 kW; Sistem de alimentare: 220V \/ 1N Ph \/ 50Hz.<\/p>\n<p><strong>*T\u0103vile GN \u0219i t\u0103vile pentru patiserie nu sunt incluse \u00een set.<\/strong><br \/>\n<strong>*Recomand\u0103m instalarea adi\u021bional\u0103 a unui filtru DVA pentru o bun\u0103 func\u021bionare a cuptorului.<\/strong><\/p>\n","protected":false},"featured_media":33773,"template":"","meta":[],"_links":{"self":[{"href":"https:\/\/evotek.md\/ro\/wp-json\/wp\/v2\/product\/33768"}],"collection":[{"href":"https:\/\/evotek.md\/ro\/wp-json\/wp\/v2\/product"}],"about":[{"href":"https:\/\/evotek.md\/ro\/wp-json\/wp\/v2\/types\/product"}],"wp:featuredmedia":[{"embeddable":true,"href":"https:\/\/evotek.md\/ro\/wp-json\/wp\/v2\/media\/33773"}],"wp:attachment":[{"href":"https:\/\/evotek.md\/ro\/wp-json\/wp\/v2\/media?parent=33768"}],"curies":[{"name":"wp","href":"https:\/\/api.w.org\/{rel}","templated":true}]}}