{"id":33762,"date":"2022-10-12T08:54:43","date_gmt":"2022-10-12T08:54:43","guid":{"rendered":"https:\/\/evotek.md\/produse\/fara-categorie\/aparat-pentru-waffe\/"},"modified":"2023-03-03T11:53:22","modified_gmt":"2023-03-03T11:53:22","slug":"hkn-ged2m","status":"publish","type":"product","link":"https:\/\/evotek.md\/ro\/produse\/echipamente-pentru-fast-food\/aparate-pentru-vafe\/hkn-ged2m\/","title":{"rendered":"APARAT ELECTRIC PENTRU VAFE BELGIENE, DUBLU, 8 BUCATI (PATRAT) -HKN-GED2M"},"content":{"rendered":"<p><strong>APARAT ELECTRIC PENTRU VAFE BELGIENE, DUBLU, 8 BUCATI (PATRAT) -HKN-GED2M-<\/strong> este utilizat pe scar\u0103 larg\u0103 \u00een unit\u0103\u021bile de catering care ofer\u0103 o mare varietate de vafe \u0219i gogo\u0219i. Acest model este echipat cu dou\u0103 suprafe\u021be de lucru. Corpul este din o\u021bel inoxidabil, iar suprafe\u021bele de pr\u0103jire sunt din font\u0103 cu un strat antiaderent. Echipamentul presupune posibilitatea prepararii simultane a 8 vafe belgiene. Temperatura maxim\u0103 de \u00eenc\u0103lzire 300 \u00b0C \u00een trepte de 50 \u00b0C, 2 temporizatoare f\u0103r\u0103 semnal sonor.<\/p>\n<p>Caracteristici<br \/>\nDimensiuni exterioare: 530x380x250 mm<br \/>\nDimensiuni interioare: 100x100x15 mm<br \/>\nPutere: 3,20 kW<br \/>\nGreutate neta: 13 kg<br \/>\nConexiune: 230 V<\/p>\n","protected":false},"excerpt":{"rendered":"<p>Aparat pentru 8 waffe. Dimensiuni exterioare: 530x380x250 mm; Dimensiuni interioare: 100x100x15 mm; Putere: 3,20 kW; Greutate neta: 13 kg; Conexiune: 230 V<\/p>\n","protected":false},"featured_media":33761,"template":"","meta":[],"_links":{"self":[{"href":"https:\/\/evotek.md\/ro\/wp-json\/wp\/v2\/product\/33762"}],"collection":[{"href":"https:\/\/evotek.md\/ro\/wp-json\/wp\/v2\/product"}],"about":[{"href":"https:\/\/evotek.md\/ro\/wp-json\/wp\/v2\/types\/product"}],"wp:featuredmedia":[{"embeddable":true,"href":"https:\/\/evotek.md\/ro\/wp-json\/wp\/v2\/media\/33761"}],"wp:attachment":[{"href":"https:\/\/evotek.md\/ro\/wp-json\/wp\/v2\/media?parent=33762"}],"curies":[{"name":"wp","href":"https:\/\/api.w.org\/{rel}","templated":true}]}}