{"id":33755,"date":"2022-10-12T08:12:26","date_gmt":"2022-10-12T08:12:26","guid":{"rendered":"https:\/\/evotek.md\/?post_type=product&#038;p=33755"},"modified":"2023-02-28T12:37:51","modified_gmt":"2023-02-28T12:37:51","slug":"hkn-tosti18","status":"publish","type":"product","link":"https:\/\/evotek.md\/ro\/produse\/echipamente-termice\/toastere\/hkn-tosti18\/","title":{"rendered":"TOASTER TIP TUNEL, 180 FELII PE ORA -HKN-TOSTI18"},"content":{"rendered":"<p><strong>TOASTER TIP TUNEL, 180 FELII PE ORA -HKN-TOSTI18-<\/strong> este utilizat pentru pr\u0103jirea rapid\u0103 \u0219i de \u00eenalt\u0103 calitate a p\u00e2inei, chiflelor de hamburger \u0219i sandvi\u0219urilor. Toasterul de tip tunel este utilizat pe scar\u0103 larg\u0103 \u00een afacerile hoteliere, catering \u0219i comer\u021b. Carcasa dispozitivului este realizata din otel inoxidabil. Pentru func\u021bionare sunt utilizate 4 moduri: modul economic, pr\u0103jirea pe dou\u0103 fe\u021be, pr\u0103jirea pe o parte, dezactivat\u0103. Toasterul este echipat cu un sistem de reglare lin\u0103 a vitezei transportorului. Consumul maxim de energie este de 1,3 kW. Greutatea total\u0103 a echipamentului este de 12,5 kg.<\/p>\n<p>Caracteristici<br \/>\nDimensiuni exterioare: 370x520x390 mm<br \/>\nDimensiuni interioare: 188x395x95 mm<br \/>\nPutere: 1,30 kW<br \/>\nGreutate neta: 12,5 kg<br \/>\nProductivitate: 150-180 de felii pe or\u0103<br \/>\nConexiune: 230 V<\/p>\n","protected":false},"excerpt":{"rendered":"<p>Toaster de tip tunel 150-180 felii pe or\u0103. Dimensiuni exterioare: 370x520x390 mm; Dimensiuni interioare: 188x395x95 mm; Putere: 1,30 kW; Greutate neta: 12,5 kg; Productivitate: 150-180 de felii pe or\u0103; Conexiune: 230 V.<\/p>\n","protected":false},"featured_media":33757,"template":"","meta":[],"_links":{"self":[{"href":"https:\/\/evotek.md\/ro\/wp-json\/wp\/v2\/product\/33755"}],"collection":[{"href":"https:\/\/evotek.md\/ro\/wp-json\/wp\/v2\/product"}],"about":[{"href":"https:\/\/evotek.md\/ro\/wp-json\/wp\/v2\/types\/product"}],"wp:featuredmedia":[{"embeddable":true,"href":"https:\/\/evotek.md\/ro\/wp-json\/wp\/v2\/media\/33757"}],"wp:attachment":[{"href":"https:\/\/evotek.md\/ro\/wp-json\/wp\/v2\/media?parent=33755"}],"curies":[{"name":"wp","href":"https:\/\/api.w.org\/{rel}","templated":true}]}}