{"id":33749,"date":"2022-10-07T14:37:54","date_gmt":"2022-10-07T14:37:54","guid":{"rendered":"https:\/\/evotek.md\/produse\/fara-categorie\/lampa-pe-gaz-st-693210\/"},"modified":"2022-10-07T14:43:01","modified_gmt":"2022-10-07T14:43:01","slug":"st-693210","status":"publish","type":"product","link":"https:\/\/evotek.md\/ro\/produse\/accesorii-si-inventar-bucatarie\/lampi-de-incalzire\/st-693210\/","title":{"rendered":"LAMPA DE INCALZIRE PE GAZ PENTRU TERASE ST-693210"},"content":{"rendered":"<p><strong>LAMPA DE INCALZIRE PE GAZ PENTRU TERASE ST-693210-<\/strong> O lamp\u0103 de \u00eenc\u0103lzire cu gaz este un dispozitiv conceput pentru a \u00eenc\u0103lzi terasele restaurantelor folosind gaz propan-butan eficient.<\/p>\n<p>Dispozitivul este echipat cu un mecanism simplu de control al temperaturii \u00een intervalul &#8211; minim \/ maxim.<\/p>\n<p>Caracteristici<br \/>\nLatime: 730 mm<br \/>\nInaltime: 2270 mm<br \/>\nAd\u00e2ncime: 730 mm<br \/>\nPentru gaz propan<br \/>\nReglare \u00een intervalul min. si temperatura maxima<br \/>\nFurtun de gaz inclus, fara reductor de presiune<\/p>\n","protected":false},"excerpt":{"rendered":"<p>Lampa de incalzire pe gaz pentru terase. Latime: 730 mm; Inaltime: 2270 mm; Ad\u00e2ncime: 730 mm; Pentru gaz propan; Reglare \u00een intervalul min. si temperatura maxima; Furtun de gaz inclus, fara reductor de presiune.<\/p>\n","protected":false},"featured_media":33748,"template":"","meta":[],"_links":{"self":[{"href":"https:\/\/evotek.md\/ro\/wp-json\/wp\/v2\/product\/33749"}],"collection":[{"href":"https:\/\/evotek.md\/ro\/wp-json\/wp\/v2\/product"}],"about":[{"href":"https:\/\/evotek.md\/ro\/wp-json\/wp\/v2\/types\/product"}],"wp:featuredmedia":[{"embeddable":true,"href":"https:\/\/evotek.md\/ro\/wp-json\/wp\/v2\/media\/33748"}],"wp:attachment":[{"href":"https:\/\/evotek.md\/ro\/wp-json\/wp\/v2\/media?parent=33749"}],"curies":[{"name":"wp","href":"https:\/\/api.w.org\/{rel}","templated":true}]}}