{"id":33734,"date":"2022-10-07T12:45:09","date_gmt":"2022-10-07T12:45:09","guid":{"rendered":"https:\/\/evotek.md\/?post_type=product&#038;p=33734"},"modified":"2023-07-07T14:52:04","modified_gmt":"2023-07-07T14:52:04","slug":"manusa-din-inox-xl-sanelli-1840-005","status":"publish","type":"product","link":"https:\/\/evotek.md\/ro\/produse\/accesorii-si-inventar-bucatarie\/cutite-bucatarie\/manusa-din-inox-xl-sanelli-1840-005\/","title":{"rendered":"MANUSA DIN INOX, PE ELASTIC \u201dXL\u201d -Sanelli-1840.005"},"content":{"rendered":"<p><strong>MANUSA DIN INOX, PE ELASTIC \u201dXL\u201d -Sanelli-1840.005- <\/strong>M\u0103nu\u0219i din inox pentru o munc\u0103 u\u0219oar\u0103 \u0219i sigur\u0103 \u00een buc\u0103t\u0103riile profesionale, protejeaz\u0103 \u00eempotriva t\u0103ieturilor \u0219i zg\u00e2rieturilor.<\/p>\n<div>\u2022 S\u00e2rm\u0103 ultraplat\u0103 din o\u021bel inoxidabil pentru reglarea u\u0219oar\u0103 a m\u0103nu\u0219ilor;<\/div>\n<div>\u2022 Material: otel inoxidabil, grosimea firului 0,5mm (diametrul interior al inelului 3mm, diametrul exterior al inelului 4mm);<\/div>\n<div>\u2022 Poate fi purtat\u0103 la ambele m\u00e2ini;<\/div>\n","protected":false},"excerpt":{"rendered":"<div class=\"product-short-description\">\n<p>M\u0103nu\u0219\u0103 din inox cu plas\u0103 \u2013 dimensiunea XL<\/p>\n<\/div>\n","protected":false},"featured_media":27283,"template":"","meta":[],"_links":{"self":[{"href":"https:\/\/evotek.md\/ro\/wp-json\/wp\/v2\/product\/33734"}],"collection":[{"href":"https:\/\/evotek.md\/ro\/wp-json\/wp\/v2\/product"}],"about":[{"href":"https:\/\/evotek.md\/ro\/wp-json\/wp\/v2\/types\/product"}],"wp:featuredmedia":[{"embeddable":true,"href":"https:\/\/evotek.md\/ro\/wp-json\/wp\/v2\/media\/27283"}],"wp:attachment":[{"href":"https:\/\/evotek.md\/ro\/wp-json\/wp\/v2\/media?parent=33734"}],"curies":[{"name":"wp","href":"https:\/\/api.w.org\/{rel}","templated":true}]}}