{"id":33693,"date":"2022-09-28T13:45:03","date_gmt":"2022-09-28T13:45:03","guid":{"rendered":"https:\/\/evotek.md\/?post_type=product&#038;p=33693"},"modified":"2022-09-28T14:43:44","modified_gmt":"2022-09-28T14:43:44","slug":"m-09300419","status":"publish","type":"product","link":"https:\/\/evotek.md\/ro\/produse\/echipamente-termice\/cuptoare-cu-convectie-cuptoare\/m-09300419\/","title":{"rendered":"CUPTOR CU CONVECTIE 4 NIVELE 60&#215;40 cm M-09300419"},"content":{"rendered":"<p><strong>CUPTOR CU CONVECTIE 4 NIVELE 60&#215;40 cm M-09300419-<\/strong> Cuptorul cu convec\u021bie cu abur Maxima MCO 60&#215;40 este un cuptor cu convec\u021bie mare, cu corp \u0219i camer\u0103 interioar\u0103 din o\u021bel inoxidabil. Acest cuptor cu convec\u021bie de la Maxima este u\u0219or de utilizat datorit\u0103 u\u0219ii sale practice deta\u0219abile \u0219i a celor patru t\u0103vi de copt cu l\u0103\u021bime de 600 mm \u0219i ad\u00e2ncime de 400 mm. Distan\u021ba dintre t\u0103vi este de 80 de mm. Cu acest cuptor vei putea coace cea mai delicioasa paine. Cuptorul cu convec\u021bie are un temporizator reglabil de la 0 la 120 de minute \u0219i patru picioare de cauciuc pentru o fixare stabila.<\/p>\n<p>Caracteristici<br \/>\nCuptor de lux cu convec\u021bie cu 4 t\u0103vi 60&#215;40 cm<br \/>\nConstruc\u021bie din o\u021bel inoxidabil cu interior emailat<br \/>\nDistribu\u021bie eficient\u0103 a c\u0103ldurii \u0219i func\u021bie de abur<br \/>\nEchipat cu 2 motoare<br \/>\nUsa usor detasabila<br \/>\nGeam termopan<br \/>\nControl analogic \u0219i temporizator<br \/>\nTermostat reglabil: 0 \u00b0C p\u00e2n\u0103 la 300 \u00b0C<br \/>\nIndicatori de temperatur\u0103<br \/>\nTemporizator reglabil: 0 p\u00e2n\u0103 la 120 de minute<br \/>\nInclusiv 4 tavi: L600mm x D400mm<br \/>\nDistanta intre tavi 80 mm<br \/>\nSt\u0103 pe patru picioare de cauciuc<br \/>\nUsor de curatat<br \/>\nGreutate neta: 70 kg<br \/>\nDimensiuni: H570 x L834 x D796 mm<br \/>\nConexiune: 400V\/50Hz\/trifazat 6400W<\/p>\n","protected":false},"excerpt":{"rendered":"<p>Cuptor cu convectie cu 4 nivele. Termostat reglabil: 0 \u00b0C p\u00e2n\u0103 la 300 \u00b0C; Indicatori de temperatur\u0103; Temporizator reglabil: 0 p\u00e2n\u0103 la 120 de minute; Inclusiv 4 tavi: L600mm x D400mm; Distanta intre tavi 80 mm; St\u0103 pe patru picioare de cauciuc; Usor de curatat; Greutate neta: 70 kg; Dimensiuni: H570 x L834 x D796 mm; Conexiune: 400V\/50Hz\/trifazat 6400W.<\/p>\n","protected":false},"featured_media":33695,"template":"","meta":[],"_links":{"self":[{"href":"https:\/\/evotek.md\/ro\/wp-json\/wp\/v2\/product\/33693"}],"collection":[{"href":"https:\/\/evotek.md\/ro\/wp-json\/wp\/v2\/product"}],"about":[{"href":"https:\/\/evotek.md\/ro\/wp-json\/wp\/v2\/types\/product"}],"wp:featuredmedia":[{"embeddable":true,"href":"https:\/\/evotek.md\/ro\/wp-json\/wp\/v2\/media\/33695"}],"wp:attachment":[{"href":"https:\/\/evotek.md\/ro\/wp-json\/wp\/v2\/media?parent=33693"}],"curies":[{"name":"wp","href":"https:\/\/api.w.org\/{rel}","templated":true}]}}