{"id":33673,"date":"2022-09-28T12:54:50","date_gmt":"2022-09-28T12:54:50","guid":{"rendered":"https:\/\/evotek.md\/?post_type=product&#038;p=33673"},"modified":"2022-09-28T14:46:55","modified_gmt":"2022-09-28T14:46:55","slug":"m-09300418","status":"publish","type":"product","link":"https:\/\/evotek.md\/ro\/produse\/echipamente-termice\/cuptoare-cu-convectie-cuptoare\/m-09300418\/","title":{"rendered":"CUPTOR CU CONVECTIE 4 NIVELE 435&#215;315 mm (GRIL\/ABUR) M-09300418"},"content":{"rendered":"<p><strong>CUPTOR CU CONVECTIE 4 NIVELE (GRIL\/ABUR) 435&#215;315 mm M-09300418-<\/strong> Cuptorul de convec\u021bie Maxima MCO cu grill \u0219i abur este un cuptor cu convec\u021bie de lux cu corp \u0219i camer\u0103 interioar\u0103 din o\u021bel inoxidabil. Acest cuptor cu convec\u021bie de la Maxima este u\u0219or de utilizat datorit\u0103 u\u0219ii sale practice deta\u0219abile \u0219i a celor patru t\u0103vi de copt cu l\u0103\u021bime de 438 mm \u0219i ad\u00e2ncime de 315 mm. Distan\u021ba dintre t\u0103vi este de 70 de milimetri. Cu aceasta friteuza Maxim vei putea coace cea mai delicioasa paine. Nu e frumos. \u0218i nu v\u0103 face\u021bi griji, cuptorul cu convec\u021bie Maxima are un temporizator reglabil de la 0 la 120 de minute \u0219i patru picioare de cauciuc pentru a se asigura c\u0103 nu se mi\u0219c\u0103.<\/p>\n<p>Caracteristici<br \/>\nFunc\u021bie grill \u0219i abur (umidificare de tip injector)<br \/>\nConstruc\u021bie din o\u021bel inoxidabil cu interior emailat<br \/>\nDistribu\u021bie eficient\u0103 a c\u0103ldurii<br \/>\nEchipat cu 2 motoare<br \/>\nUsa usor detasabila<br \/>\nGeam termopan<br \/>\nControl analogic \u0219i temporizator<br \/>\nTermostat reglabil: 0\u00b0C p\u00e2n\u0103 la 300\u00b0C<br \/>\nIndicatori de temperatur\u0103<br \/>\nTemporizator reglabil: 0 p\u00e2n\u0103 la 120 de minute<br \/>\nInclude 4 t\u0103vi: L435mm x D315mm<br \/>\nDistanta intre tavi 70 mm<br \/>\nSt\u0103 pe patru picioare de cauciuc<br \/>\nUsor de curatat<br \/>\nGreutate neta: 39 kg<br \/>\nDimensiuni: H570 x L595 x D615 mm<br \/>\nConexiune: 230V\/50Hz\/1 faz\u0103 2670W + 2000W (grill)<\/p>\n","protected":false},"excerpt":{"rendered":"<p>Cuptor cu convectie cu 4 nivele. Temporizator reglabil: 0 p\u00e2n\u0103 la 120 de minute; Include 4 t\u0103vi: L435mm x D315mm; Distanta intre tavi 70 mm; St\u0103 pe patru picioare de cauciuc; Usor de curatat; Greutate neta: 39 kg; Dimensiuni: H570 x L595 x D615 mm; Conexiune: 230V\/50Hz\/1 faz\u0103 2670W + 2000W (grill).<\/p>\n","protected":false},"featured_media":33676,"template":"","meta":[],"_links":{"self":[{"href":"https:\/\/evotek.md\/ro\/wp-json\/wp\/v2\/product\/33673"}],"collection":[{"href":"https:\/\/evotek.md\/ro\/wp-json\/wp\/v2\/product"}],"about":[{"href":"https:\/\/evotek.md\/ro\/wp-json\/wp\/v2\/types\/product"}],"wp:featuredmedia":[{"embeddable":true,"href":"https:\/\/evotek.md\/ro\/wp-json\/wp\/v2\/media\/33676"}],"wp:attachment":[{"href":"https:\/\/evotek.md\/ro\/wp-json\/wp\/v2\/media?parent=33673"}],"curies":[{"name":"wp","href":"https:\/\/api.w.org\/{rel}","templated":true}]}}