{"id":3363,"date":"2020-02-28T10:04:20","date_gmt":"2020-02-28T10:06:20","guid":{"rendered":"https:\/\/evotek.md\/?post_type=product&#038;p=3363"},"modified":"2023-08-29T11:02:46","modified_gmt":"2023-08-29T11:02:46","slug":"m-09364950","status":"publish","type":"product","link":"https:\/\/evotek.md\/ro\/produse\/echipamente-pentru-fast-food\/friteuze-2\/m-09364950\/","title":{"rendered":"FRITEUZA ELECTRICA, 6 LITRI -M-09364950"},"content":{"rendered":"<p><strong>FRITEUZA ELECTRICA, 6 LITRI -M-09364950- <\/strong>Este o friteuz\u0103 de cea mai bun\u0103 calitate cu un recipient deta\u0219abil. Friteuza ergonomic\u0103 la 6 litri pentru prepararea profesional\u0103 a cartofi pai. Echipamentul este complet din inox. Acest model are: co\u0219uri de extragere convenabile (material &#8211; s\u00e2rm\u0103 cromat\u0103); m\u00e2nere izolate termic din plastic rezistent; termostat \u00eencorporat cu func\u021bie de siguran\u021b\u0103.<\/p>\n<p>Caracteristici<\/p>\n<p>Capacitate: 6 L<br \/>\nPutere: 2500 W<br \/>\nConexiune electric\u0103: 230 Vol\u021bi \/ 50 Hz<br \/>\nParametri: (LxAx\u00ce) 280x440x315 mm<br \/>\nGreutate: 5 kg<\/p>\n","protected":false},"excerpt":{"rendered":"<p>Friteuz\u0103 electric\u0103 la 6 litri. Putere: 2500 W; Conexiune electric\u0103: 230 Vol\u021bi \/ 50 Hz; Parametri: (LxAx\u00ce) 280x440x315 mm; Greutate: 5 kg.<\/p>\n","protected":false},"featured_media":3354,"template":"","meta":[],"_links":{"self":[{"href":"https:\/\/evotek.md\/ro\/wp-json\/wp\/v2\/product\/3363"}],"collection":[{"href":"https:\/\/evotek.md\/ro\/wp-json\/wp\/v2\/product"}],"about":[{"href":"https:\/\/evotek.md\/ro\/wp-json\/wp\/v2\/types\/product"}],"wp:featuredmedia":[{"embeddable":true,"href":"https:\/\/evotek.md\/ro\/wp-json\/wp\/v2\/media\/3354"}],"wp:attachment":[{"href":"https:\/\/evotek.md\/ro\/wp-json\/wp\/v2\/media?parent=3363"}],"curies":[{"name":"wp","href":"https:\/\/api.w.org\/{rel}","templated":true}]}}