{"id":33626,"date":"2022-09-28T11:41:38","date_gmt":"2022-09-28T11:41:38","guid":{"rendered":"https:\/\/evotek.md\/?post_type=product&#038;p=33626"},"modified":"2022-09-28T12:12:36","modified_gmt":"2022-09-28T12:12:36","slug":"m-09370030","status":"publish","type":"product","link":"https:\/\/evotek.md\/ro\/produse\/echipamente-termice\/cuptoare-pentru-pizza-cuptoare\/m-09370030\/","title":{"rendered":"CUPTOR PIZZA 4+4 x30 cm M-09370030"},"content":{"rendered":"<p><strong>CUPTOR PIZZA 4+4 x30 cm M-09370030<\/strong>&#8211; Acest cuptor este un cuptor pizza\/flamecu\u00e9 robust si de incredere. Finisajul din o\u021bel inoxidabil, corpul metalic \u0219i camera asigur\u0103 o distribu\u021bie excelent\u0103 a c\u0103ldurii pentru pizza \u0219i flamecu-uri delicioase. Dimensiunea compact\u0103 asigur\u0103 c\u0103 este u\u0219or de amplasat.<\/p>\n<p>Caracteristici<br \/>\ncuptor pentru pizza comercial de lux \u0219i mare<br \/>\nPanoul frontal din o\u021bel inoxidabil cu butoane rezistente<br \/>\nConstructie metalica robusta<br \/>\nPotrivit pentru 2&#215;4 = 8 pizza de +\/- 30 cm<br \/>\nControl analogic simplu<br \/>\nDistribu\u021bie eficient\u0103 a c\u0103ldurii<br \/>\nTermostate multiple: 50 \u00b0C p\u00e2n\u0103 la 500 \u00b0C<br \/>\nTemperatura reglabila deasupra si sub fiecare camera<br \/>\nCamer\u0103 interioar\u0103 mare cu pl\u0103ci de piatr\u0103<br \/>\nCamer\u0103 cu izola\u021bie foarte groas\u0103<br \/>\nGreutate neta: 140 kg<br \/>\nDimensiuni interioare: H150 x L620 x D620 mm X2<br \/>\nDimensiuni exterioare: H740 x L900 x D770 mm<br \/>\nConexiune: 400V\/50Hz\/trifazat 10000 W<br \/>\nAcest produs nu vine cu priza CEE 400V 32A<\/p>\n","protected":false},"excerpt":{"rendered":"<p>Cuptor pentru pizza cu dou\u0103 nivele (4+4) = 8 pizza cu diametrul +\/- 30 cm. Greutate neta: 140 kg; Dimensiuni interioare: H150 x L620 x D620 mm X2; Dimensiuni exterioare: H740 x L900 x D770 mm; Conexiune: 400V\/50Hz\/trifazat 10000 W; Acest produs nu vine cu priza CEE 400V 32A.<\/p>\n","protected":false},"featured_media":33628,"template":"","meta":[],"_links":{"self":[{"href":"https:\/\/evotek.md\/ro\/wp-json\/wp\/v2\/product\/33626"}],"collection":[{"href":"https:\/\/evotek.md\/ro\/wp-json\/wp\/v2\/product"}],"about":[{"href":"https:\/\/evotek.md\/ro\/wp-json\/wp\/v2\/types\/product"}],"wp:featuredmedia":[{"embeddable":true,"href":"https:\/\/evotek.md\/ro\/wp-json\/wp\/v2\/media\/33628"}],"wp:attachment":[{"href":"https:\/\/evotek.md\/ro\/wp-json\/wp\/v2\/media?parent=33626"}],"curies":[{"name":"wp","href":"https:\/\/api.w.org\/{rel}","templated":true}]}}