{"id":33608,"date":"2022-09-28T11:20:35","date_gmt":"2022-09-28T11:20:35","guid":{"rendered":"https:\/\/evotek.md\/produse\/fara-categorie\/m-09370000\/"},"modified":"2022-09-28T11:20:35","modified_gmt":"2022-09-28T11:20:35","slug":"m-09370000","status":"publish","type":"product","link":"https:\/\/evotek.md\/ro\/produse\/echipamente-termice\/cuptoare-pentru-pizza-cuptoare\/m-09370000\/","title":{"rendered":"CUPTOR PIZZA 4&#215;25 cm M-09370000"},"content":{"rendered":"<p><strong>CUPTOR PIZZA 4&#215;25 cm M-09370000<\/strong>&#8211; Acest cuptor este preconizat pentru pizza\/flammekueche robust si de incredere. Finisajul din o\u021bel inoxidabil, corpul metalic \u0219i camera asigur\u0103 o distribu\u021bie excelent\u0103 a c\u0103ldurii pentru pizza \u0219i flammekueche-uri delicioase. Dimensiunea compact\u0103 asigur\u0103 amplasarea u\u0219oar\u0103.<\/p>\n<p>Caracteristici<br \/>\nPanoul frontal din o\u021bel inoxidabil cu butoane rezistente<br \/>\nConstructie metalica robusta<br \/>\nPotrivit pentru 4 pizza cu diametrul de +\/- 25 cm<br \/>\nControl analogic simplu<br \/>\nDistribu\u021bie eficient\u0103 a c\u0103ldurii<br \/>\nTermostate multiple: 50\u00b0C p\u00e2n\u0103 la 500\u00b0C<br \/>\nTemperatura reglabila deasupra si sub fiecare camera<br \/>\nCamer\u0103 interioar\u0103 mare cu pl\u0103ci de piatr\u0103<br \/>\nCamer\u0103 cu izola\u021bie foarte groas\u0103<br \/>\nGreutate neta: 50 kg<br \/>\nDimensiuni interioare: H110 x L510 x D510 mm<br \/>\nDimensiuni exterioare: H340 x L800 x D660 mm<br \/>\nConexiune: 400V\/50Hz\/trifazat 4000W<br \/>\nAcest produs nu vine cu priza CEE 400V 16A<\/p>\n","protected":false},"excerpt":{"rendered":"<p>Cuptor pentru pizza, 4 pizza cu diametrul +\/- 25 cm. Greutate neta: 50 kg; Dimensiuni interioare: H110 x L510 x D510 mm; Dimensiuni exterioare: H340 x L800 x D660 mm; Conexiune: 400V\/50Hz\/trifazat 4000W; Acest produs nu vine cu priza CEE 400V 16A.<\/p>\n","protected":false},"featured_media":33595,"template":"","meta":[],"_links":{"self":[{"href":"https:\/\/evotek.md\/ro\/wp-json\/wp\/v2\/product\/33608"}],"collection":[{"href":"https:\/\/evotek.md\/ro\/wp-json\/wp\/v2\/product"}],"about":[{"href":"https:\/\/evotek.md\/ro\/wp-json\/wp\/v2\/types\/product"}],"wp:featuredmedia":[{"embeddable":true,"href":"https:\/\/evotek.md\/ro\/wp-json\/wp\/v2\/media\/33595"}],"wp:attachment":[{"href":"https:\/\/evotek.md\/ro\/wp-json\/wp\/v2\/media?parent=33608"}],"curies":[{"name":"wp","href":"https:\/\/api.w.org\/{rel}","templated":true}]}}