{"id":33547,"date":"2022-09-27T13:00:06","date_gmt":"2022-09-27T13:00:06","guid":{"rendered":"https:\/\/evotek.md\/?post_type=product&#038;p=33547"},"modified":"2024-11-15T15:49:02","modified_gmt":"2024-11-15T15:49:02","slug":"toaster-pentru-6-toaste-mt-6-m-09300050","status":"publish","type":"product","link":"https:\/\/evotek.md\/ro\/produse\/echipamente-termice\/toastere\/toaster-pentru-6-toaste-mt-6-m-09300050\/","title":{"rendered":"TOASTER, 6 FELII -M-09300050"},"content":{"rendered":"<p><strong>TOASTER, 6 FELII -M-09300050-<\/strong> este un toaster profesional cu un design retro placut. Acest pr\u0103jitor de p\u00e2ine este realizat \u00een \u00eentregime din o\u021bel inoxidabil cu margini rotunjite. Acest lucru \u00eel face mai pu\u021bin dur. Cu acest toaster, po\u021bi pr\u0103ji p\u00e2inea foarte repede, deoarece este un aparat puternic pentru 4 felii. Datorit\u0103 picioarelor din cauciuc st\u0103 bine fixat pe mas\u0103.<\/p>\n<p>Caracteristici<br \/>\nToaster profesional pentru paine<br \/>\nDesign retro frumos<br \/>\nCorp din o\u021bel inoxidabil cu col\u021buri rotunjite<br \/>\nDispozitiv puternic de pr\u0103jire<br \/>\nCapacitate 6 felii<br \/>\nCu termostat reglabil<br \/>\nReglabil pentru 2, 4 sau 6 grile de incalzire<br \/>\nManeta de ridicare pentru felii<br \/>\nIndicator de temperatur\u0103<br \/>\nCu tava pentru firimituri<br \/>\nSt\u0103 pe patru picioare de cauciuc<br \/>\nUsor de curatat<br \/>\nGreutate neta: 7,2 kg<br \/>\nDimensiuni(AdxLaxIn): 460\u0445210\u0445225 mm<br \/>\nDimensiunea insertiei pentru felii (LaxAd): 145&#215;20 mm<br \/>\nConexiune: 230V\/50Hz\/1 faza 3240 W<\/p>\n","protected":false},"excerpt":{"rendered":"<p>Toaster pentru 6 felii. Greutate neta: 7,2 kg; Dimensiuni(AdxLaxIn): 460\u0445210\u0445225 mm; Dimensiunea insertiei pentru felii (LaxAd): 145&#215;20 mm; Conexiune: 230V\/50Hz\/1 faza 3240 W.<\/p>\n","protected":false},"featured_media":33552,"template":"","meta":[],"_links":{"self":[{"href":"https:\/\/evotek.md\/ro\/wp-json\/wp\/v2\/product\/33547"}],"collection":[{"href":"https:\/\/evotek.md\/ro\/wp-json\/wp\/v2\/product"}],"about":[{"href":"https:\/\/evotek.md\/ro\/wp-json\/wp\/v2\/types\/product"}],"wp:featuredmedia":[{"embeddable":true,"href":"https:\/\/evotek.md\/ro\/wp-json\/wp\/v2\/media\/33552"}],"wp:attachment":[{"href":"https:\/\/evotek.md\/ro\/wp-json\/wp\/v2\/media?parent=33547"}],"curies":[{"name":"wp","href":"https:\/\/api.w.org\/{rel}","templated":true}]}}