{"id":33545,"date":"2022-09-27T12:37:23","date_gmt":"2022-09-27T12:37:23","guid":{"rendered":"https:\/\/evotek.md\/produse\/fara-categorie\/toaster-pentru-4-toaste-mt-4-m-09300045\/"},"modified":"2023-02-28T12:06:52","modified_gmt":"2023-02-28T12:06:52","slug":"m-09300045","status":"publish","type":"product","link":"https:\/\/evotek.md\/ro\/produse\/echipamente-termice\/toastere\/m-09300045\/","title":{"rendered":"TOASTER, 4 FELII -M-09300045"},"content":{"rendered":"<p><strong>TOASTER, 4 FELII -M-09300045-<\/strong> este un toaster profesional cu un design retro placut. Acest pr\u0103jitor de p\u00e2ine este realizat \u00een \u00eentregime din o\u021bel inoxidabil cu margini rotunjite. Acest lucru \u00eel face mai pu\u021bin dur. Cu acest toaster, po\u021bi pr\u0103ji p\u00e2inea foarte repede, deoarece este un aparat puternic pentru 4 felii. Datorit\u0103 picioarelor din cauciuc st\u0103 bine fixat pe mas\u0103.<\/p>\n<p>Caracteristici<br \/>\nToaster profesional pentru paine<br \/>\nDesign retro frumos<br \/>\nCorp din o\u021bel inoxidabil cu col\u021buri rotunjite<br \/>\nDispozitiv puternic de pr\u0103jire<br \/>\nCapacitate 4 felii<br \/>\nCu termostat reglabil<br \/>\nReglabil pentru 2 sau 4 grile de incalzite<br \/>\nManeta de ridicare pentru felii<br \/>\nIndicator de temperatur\u0103<br \/>\nCu tava pentru firimituri<br \/>\nSt\u0103 pe patru picioare de cauciuc<br \/>\nUsor de curatat<br \/>\nGreutate neta: 5 kg<br \/>\nDimensiuni: L370 x D210 x H225 mm<br \/>\nDimensiuni adancitura: L145 x D20 mm<br \/>\nConexiune: 230V\/50Hz\/1 faza 2240W<\/p>\n","protected":false},"excerpt":{"rendered":"<p>Toaster pentru 4 felii. Greutate neta: 5 kg; Dimensiuni: L370 x D210 x H225 mm; Dimensiuni adancitura: L145 x D20 mm; Conexiune: 230V\/50Hz\/1 faza 2240W.<\/p>\n","protected":false},"featured_media":33536,"template":"","meta":[],"_links":{"self":[{"href":"https:\/\/evotek.md\/ro\/wp-json\/wp\/v2\/product\/33545"}],"collection":[{"href":"https:\/\/evotek.md\/ro\/wp-json\/wp\/v2\/product"}],"about":[{"href":"https:\/\/evotek.md\/ro\/wp-json\/wp\/v2\/types\/product"}],"wp:featuredmedia":[{"embeddable":true,"href":"https:\/\/evotek.md\/ro\/wp-json\/wp\/v2\/media\/33536"}],"wp:attachment":[{"href":"https:\/\/evotek.md\/ro\/wp-json\/wp\/v2\/media?parent=33545"}],"curies":[{"name":"wp","href":"https:\/\/api.w.org\/{rel}","templated":true}]}}