{"id":33533,"date":"2022-09-27T09:12:29","date_gmt":"2022-09-27T09:12:29","guid":{"rendered":"https:\/\/evotek.md\/produse\/fara-categorie\/friteuza-electrica-2x8-litri-m-09365225\/"},"modified":"2023-01-18T15:39:58","modified_gmt":"2023-01-18T15:39:58","slug":"friteuza-electrica-2x8-litri-m-09365225","status":"publish","type":"product","link":"https:\/\/evotek.md\/ro\/produse\/echipamente-termice\/friteuze-3\/friteuza-electrica-2x8-litri-m-09365225\/","title":{"rendered":"FRITEUZA ELECTRICA 8+8 L M-09365225"},"content":{"rendered":"<p><strong>FRITEUZA ELECTRICA 8+8 L M-09365225-<\/strong> Friteuza electric\u0103 2&#215;8 litri este o friteuz\u0103 dubl\u0103 versatil\u0103, potrivit\u0103 pentru utilizarea zilnic\u0103. Friteuza are cuve de 2 x 8 litri, ceea ce o face ideala pentru prepararea gustarilor in bucatariile profesionale. Friteuza de 2 x 8 litri este finisat\u0103 frumos, cu col\u021buri rotunjite \u0219i prev\u0103zut\u0103 cu capace pentru a preveni stropirea uleiului. \u00cempreun\u0103 cu designul ergonomic al friteuzei, aceasta asigur\u0103 o munc\u0103 pl\u0103cut\u0103 \u0219i sigur\u0103. Carcasa, cuvele \u0219i co\u0219urile din o\u021bel inoxidabil sunt u\u0219or de cur\u0103\u021bat. Friteuza cu un volum de 16 litri este potrivita pentru prajirea diverselor feluri de mancare.<\/p>\n<p>Caracteristici<br \/>\nFriteuza 2 x 8 litri<br \/>\nComponente pentru sarcini grele<br \/>\nTermostat 50 \u00b0C p\u00e2n\u0103 la 200 \u00b0C<br \/>\nElemente de \u00eenc\u0103lzire individuale<br \/>\nIndicator de temperatur\u0103<br \/>\nM\u00e2ner rezistent la c\u0103ldur\u0103<br \/>\nSt\u0103 pe 4 picioare de cauciuc<br \/>\nConstruc\u021bie foarte durabil\u0103<br \/>\nDesign igienic<br \/>\nGreutate neta: 11,5 kg<br \/>\nMin. Capacitate ulei: 2 x 8,3 L<br \/>\nMaxim. capacitate ulei: 2 x 10,4 l<br \/>\nCapacitate cartofi prajiti: 2 x 1,4 kg<br \/>\nDimensiuni co\u0219: L175 x D230 x H140 mm<br \/>\nDimensiuni aparat: L555 x D415 x H340 mm<br \/>\nPuterea elementului de \u00eenc\u0103lzire: 3,25 + 3,25 kW<br \/>\nPutere electrica totala: 6,5 kW<br \/>\nAlimentare: 230 V \/ 50 Hz \/ monofazat 2 x 3250 W<\/p>\n","protected":false},"excerpt":{"rendered":"<p>Friteuza electrica 2 x 8 litri. Componente pentru sarcini grele; Termostat 50 \u00b0C p\u00e2n\u0103 la 200 \u00b0C; Elemente de \u00eenc\u0103lzire individuale; Indicator de temperatur\u0103; M\u00e2ner rezistent la c\u0103ldur\u0103; St\u0103 pe 4 picioare de cauciuc; Construc\u021bie foarte durabil\u0103; Design igienic; Greutate neta: 11,5 kg; Min. Capacitate ulei: 2 x 8,3 L; Maxim. capacitate ulei: 2 x 10,4 l; Capacitate cartofi prajiti: 2 x 1,4 kg; Dimensiuni co\u0219: L175 x D230 x H140 mm; Dimensiuni aparat: L555 x D415 x H340 mm; Puterea elementului de \u00eenc\u0103lzire: 3,25 + 3,25 kW; Putere electrica totala: 6,5 kW; Alimentare: 230 V \/ 50 Hz \/ monofazat 2 x 3250 W.<\/p>\n","protected":false},"featured_media":33518,"template":"","meta":[],"_links":{"self":[{"href":"https:\/\/evotek.md\/ro\/wp-json\/wp\/v2\/product\/33533"}],"collection":[{"href":"https:\/\/evotek.md\/ro\/wp-json\/wp\/v2\/product"}],"about":[{"href":"https:\/\/evotek.md\/ro\/wp-json\/wp\/v2\/types\/product"}],"wp:featuredmedia":[{"embeddable":true,"href":"https:\/\/evotek.md\/ro\/wp-json\/wp\/v2\/media\/33518"}],"wp:attachment":[{"href":"https:\/\/evotek.md\/ro\/wp-json\/wp\/v2\/media?parent=33533"}],"curies":[{"name":"wp","href":"https:\/\/api.w.org\/{rel}","templated":true}]}}