{"id":3348,"date":"2020-02-28T09:35:52","date_gmt":"2020-02-28T09:37:41","guid":{"rendered":"https:\/\/evotek.md\/?post_type=product&#038;p=3348"},"modified":"2023-03-01T10:20:05","modified_gmt":"2023-03-01T10:20:05","slug":"friteuza-electrica-09300410","status":"publish","type":"product","link":"https:\/\/evotek.md\/ro\/produse\/echipamente-pentru-fast-food\/friteuze-2\/friteuza-electrica-09300410\/","title":{"rendered":"FRITEUZA ELECTRICA, 4 LITRI -M-09300410"},"content":{"rendered":"<p><strong>FRITEUZA ELECTRICA, 4 LITRI -M-09300410- <\/strong>Este o friteuz\u0103 de cea mai bun\u0103 calitate cu un recipient deta\u0219abil. Friteuza ergonomic\u0103 la 4 litri pentru prepararea profesional\u0103 a cartofi pai. Echipamentul este complet din inox. Acest model are: co\u0219uri de extragere convenabile (material &#8211; s\u00e2rm\u0103 cromat\u0103); m\u00e2nere izolate termic din plastic rezistent; termostat \u00eencorporat cu func\u021bie de siguran\u021b\u0103.<\/p>\n<p>Caracteristici<\/p>\n<p>Produc\u0103tor: Maxima<\/p>\n<p>Parametri: 275x385x300 mm<\/p>\n<p>Conexiune: 230 V \/ 50 Hz \/ 1-faz\u0103 2500 W<\/p>\n<p>Capacitatea: 1,0 kg<\/p>\n<p>Dimensiunea co\u0219ului: 160x220x125 mm<\/p>\n<p>Termostat reglabil: 0 \u00b0 C p\u00e2n\u0103 la 190 \u00b0 C<\/p>\n<p>Volumul minim de ulei: 1 x 3,5 L<\/p>\n<p>Volumul maxim de ulei: 1 x 4,5 l<\/p>\n<p>Greutate net\u0103: 5,58 kg<\/p>\n","protected":false},"excerpt":{"rendered":"<p>Friteuz\u0103 electric\u0103 la 4 litri. Parametri: 275x385x300 mm; Conexiune: 230 V \/ 50 Hz \/ 1-faz\u0103 2500 W; Capacitatea: 1,0 kg; Dimensiunea co\u0219ului: 160x220x125 mm; Termostat reglabil: de la 0 \u00b0 C la 190 \u00b0 C; Volumul minim de ulei: 1&#215;3,5 L; Maximum maxim de ulei: 1&#215;4,5 l; Greutate net\u0103: 5,58 kg.<\/p>\n<p>&nbsp;<\/p>\n","protected":false},"featured_media":3335,"template":"","meta":[],"_links":{"self":[{"href":"https:\/\/evotek.md\/ro\/wp-json\/wp\/v2\/product\/3348"}],"collection":[{"href":"https:\/\/evotek.md\/ro\/wp-json\/wp\/v2\/product"}],"about":[{"href":"https:\/\/evotek.md\/ro\/wp-json\/wp\/v2\/types\/product"}],"wp:featuredmedia":[{"embeddable":true,"href":"https:\/\/evotek.md\/ro\/wp-json\/wp\/v2\/media\/3335"}],"wp:attachment":[{"href":"https:\/\/evotek.md\/ro\/wp-json\/wp\/v2\/media?parent=3348"}],"curies":[{"name":"wp","href":"https:\/\/api.w.org\/{rel}","templated":true}]}}