{"id":33453,"date":"2022-09-22T08:32:35","date_gmt":"2022-09-22T08:32:35","guid":{"rendered":"https:\/\/evotek.md\/?post_type=product&#038;p=33453"},"modified":"2023-02-24T11:43:33","modified_gmt":"2023-02-24T11:43:33","slug":"st-506102","status":"publish","type":"product","link":"https:\/\/evotek.md\/ro\/produse\/accesorii-si-inventar-bucatarie\/cani-gradate\/st-506102\/","title":{"rendered":"CANA GRADATA DIN INOX, 1 LITRU -ST-506102"},"content":{"rendered":"<p><strong>CANA GRADATA DIN INOX, 1 LITRU -ST-506102- <\/strong>O can\u0103 cu m\u00e2ner este folosit\u0103 \u00een buc\u0103t\u0103riile profesionale ale cafenelelor, restaurantelor \u0219i altor unit\u0103\u021bi de catering. Urciorul cu scar\u0103 de m\u0103surare este realizat din o\u021bel inoxidabil 18\/10 de \u00eenalt\u0103 calitate (18% crom, 10% nichel): cromul confer\u0103 aliajului duritate \u0219i rezisten\u021b\u0103 chimic\u0103, nichelul confer\u0103 rezisten\u021b\u0103 la uzur\u0103 \u0219i str\u0103lucire. Ustensilele de buc\u0103t\u0103rie profesionale sunt rezistente la coroziune \u0219i nu con\u021bin impurit\u0103\u021bi nocive, sunt mai pu\u021bin poroase, astfel \u00eenc\u00e2t suprafa\u021ba produsului s\u0103 nu se modifice \u00een timp \u0219i s\u0103 reziste mai mult. Vasele sunt u\u0219or de cur\u0103\u021bat at\u00e2t manual, c\u00e2t \u0219i \u00een ma\u0219ina de sp\u0103lat vase, f\u0103r\u0103 a-\u0219i pierde luciul original.<\/p>\n<p>Caracteristici<\/p>\n<p>Volum &#8211; 1 l<\/p>\n","protected":false},"excerpt":{"rendered":"<p>Can\u0103 de m\u0103surare din inox la 1 litru.<\/p>\n","protected":false},"featured_media":33455,"template":"","meta":[],"_links":{"self":[{"href":"https:\/\/evotek.md\/ro\/wp-json\/wp\/v2\/product\/33453"}],"collection":[{"href":"https:\/\/evotek.md\/ro\/wp-json\/wp\/v2\/product"}],"about":[{"href":"https:\/\/evotek.md\/ro\/wp-json\/wp\/v2\/types\/product"}],"wp:featuredmedia":[{"embeddable":true,"href":"https:\/\/evotek.md\/ro\/wp-json\/wp\/v2\/media\/33455"}],"wp:attachment":[{"href":"https:\/\/evotek.md\/ro\/wp-json\/wp\/v2\/media?parent=33453"}],"curies":[{"name":"wp","href":"https:\/\/api.w.org\/{rel}","templated":true}]}}