{"id":33337,"date":"2022-09-16T12:43:48","date_gmt":"2022-09-16T12:43:48","guid":{"rendered":"https:\/\/evotek.md\/produse\/fara-categorie\/clipsator-manual-pentru-mezeluri-m-09362220\/"},"modified":"2022-09-16T12:43:48","modified_gmt":"2022-09-16T12:43:48","slug":"clipsator-manual-pentru-mezeluri-m-09362220","status":"publish","type":"product","link":"https:\/\/evotek.md\/ro\/produse\/accesorii-si-inventar-bucatarie\/clipsator-manual-pentru-mezeluri\/clipsator-manual-pentru-mezeluri-m-09362220\/","title":{"rendered":"CLIPSATOR MANUAL PENTRU MEZELURI M-09362220"},"content":{"rendered":"<p><strong>CLIPSATOR MANUAL PENTRU MEZELURI M-09362220-<\/strong> Este un instrument din o\u021bel inoxidabil util pentru m\u0103celarii, procesatorii de carne sau industria c\u0103rnii care produce mezeluri artizanale. Se foloseste acest aparat puternic pentru a acoperi ambele capete ale mezelurilor.<\/p>\n<p>Particularitati:<br \/>\nClipsatorul pentru c\u00e2rna\u021bi este realizat complet din o\u021bel inoxidabil \u0219i este u\u0219or de cur\u0103\u021bat.<br \/>\nComponente de \u00eenalt\u0103 performan\u021b\u0103 \u0219i baz\u0103 larg\u0103 pentru o stabilitate optim\u0103 a dispozitivului<br \/>\nOperare u\u0219oar\u0103 cu control manual<br \/>\nFor\u021ba de ap\u0103sare a elemelor este reglat\u0103 de m\u00e2ner.<br \/>\nPoate fi folosit \u0219i pentru a \u00eenchide pungi sau plase de plastic.<br \/>\nClipsatorul de c\u00e2rna\u021bi este furnizat f\u0103r\u0103 clame \u00een U (nr. articol 09362225) .<\/p>\n<p>Caracteristici<br \/>\nGreutate neta: 11,9 kg<br \/>\nDimensiune clame U: L11.7 x D11.8 x H2.1mm<br \/>\nDimensiuni aparat: L260 x D150 x H620 mm<\/p>\n","protected":false},"excerpt":{"rendered":"<p>Clipsator manual pentru mezeluri. Greutate neta: 11,9 kg; Dimensiune clame U: L11.7 x D11.8 x H2.1mm; Dimensiuni aparat: L260 x D150 x H620 mm.<\/p>\n","protected":false},"featured_media":33322,"template":"","meta":[],"_links":{"self":[{"href":"https:\/\/evotek.md\/ro\/wp-json\/wp\/v2\/product\/33337"}],"collection":[{"href":"https:\/\/evotek.md\/ro\/wp-json\/wp\/v2\/product"}],"about":[{"href":"https:\/\/evotek.md\/ro\/wp-json\/wp\/v2\/types\/product"}],"wp:featuredmedia":[{"embeddable":true,"href":"https:\/\/evotek.md\/ro\/wp-json\/wp\/v2\/media\/33322"}],"wp:attachment":[{"href":"https:\/\/evotek.md\/ro\/wp-json\/wp\/v2\/media?parent=33337"}],"curies":[{"name":"wp","href":"https:\/\/api.w.org\/{rel}","templated":true}]}}