{"id":33234,"date":"2022-09-15T07:49:57","date_gmt":"2022-09-15T07:49:57","guid":{"rendered":"https:\/\/evotek.md\/?post_type=product&#038;p=33234"},"modified":"2022-09-15T08:12:40","modified_gmt":"2022-09-15T08:12:40","slug":"tenderizator-pentru-carne-cu-2-role-cate-27-lame-m-09368100","status":"publish","type":"product","link":"https:\/\/evotek.md\/ro\/produse\/accesorii-si-inventar-bucatarie\/ciocan-pentru-carne\/tenderizator-pentru-carne-cu-2-role-cate-27-lame-m-09368100\/","title":{"rendered":"TENDERIZATOR PENTRU CARNE CU 2 ROLE CATE 27 LAME M-09368100"},"content":{"rendered":"<p><strong>TENDERIZATOR PENTRU CARNE CU 2 ROLE CATE 27 LAME M-09368100<\/strong>&#8211; Pentru a face carnea \u0219i mai suculent\u0103 \u0219i mai frageda, se poate t\u0103ia \u00een prealabil, astfel \u00eenc\u00e2t s\u0103 se g\u0103teasc\u0103 mai uniform \u00een tigaie. Pute\u021bi face acest lucru cu un ciocan de carne, insa necesit\u0103 o munc\u0103 destul de indelungata si grea. Pentru a economisi timp, utiliza\u021bi acest tenderizator profesional pentru carne. Potrivit oric\u0103rei unit\u0103\u021bi de catering, tenderizatorul prelucreaza buc\u0103\u021bi de carne de 12,5 \u0445 2,5 cm. Fragezirea c\u0103rnii \u00eei \u00eembun\u0103t\u0103\u021be\u0219te nu numai gustul, ci \u0219i textura, precum \u0219i timpul de g\u0103tire. F\u0103c\u00e2nd t\u0103ieturi \u00een carne, condimentele \u0219i sosurile pot p\u0103trunde mai ad\u00e2nc \u00een carne, astfel \u00eenc\u00e2t aroma s\u0103 dureze mai mult \u00een timpul g\u0103tirii.<\/p>\n<p>Potrivit pentru diverse tipuri de carne<br \/>\nAcest fr\u00e2nz\u0103tor de carne de \u00eenalt\u0103 calitate este echipat cu dou\u0103 role cu 27 de lame. Datorit\u0103 num\u0103rului de lame, nicio parte din carne nu este s\u0103rit\u0103 \u0219i se \u00eenmoaie sub presiune constant\u0103. Aparatul pentru carne poate fi dezasamblat cu usurinta si este potrivit pentru diverse tipuri de carne. In plus, fragezitorul de carne sta pe o baza stabila si detasabila din otel inoxidabil, astfel incat poate fi amplasat in orice incapere si pe aproape orice suprafata. Datorit\u0103 ventuzelor, fragezitorul de carne r\u0103m\u00e2ne pe loc \u00een timpul utiliz\u0103rii.<\/p>\n<p>Caracteristici<br \/>\nSt\u0103 pe o baz\u0103 stabil\u0103, deta\u0219abil\u0103 din o\u021bel inoxidabil<br \/>\nUsor de dezasamblat si curatat<br \/>\nFrumoasa este formata din doua role cu cate 27 de cutite fiecare.<br \/>\nPotrivit pentru diferite tipuri de carne<br \/>\nMarinada \u0219i ierburile p\u0103trund mai ad\u00e2nc \u00een carne<br \/>\nReduce timpul de g\u0103tire \u0219i pr\u0103jire<br \/>\nGreutate neta: 7 kg<br \/>\nDimensiunea bucatilor de carne: L125 x D25 mm<br \/>\nDimensiuni tenderizator: L215 x D170 x H260 mm<br \/>\nDimensiuni ma\u0219in\u0103: L245 x D320 x H435 mm<\/p>\n","protected":false},"excerpt":{"rendered":"<p>Tenderizator pentru carne cu 2 role cate 27 lame. Greutate neta: 7 kg; Dimensiunea bucatilor de carne: L125 x D25 mm; Dimensiuni tenderizator: L215 x D170 x H260 mm; Dimensiuni ma\u0219in\u0103: L245 x D320 x H435 mm.<\/p>\n","protected":false},"featured_media":33237,"template":"","meta":[],"_links":{"self":[{"href":"https:\/\/evotek.md\/ro\/wp-json\/wp\/v2\/product\/33234"}],"collection":[{"href":"https:\/\/evotek.md\/ro\/wp-json\/wp\/v2\/product"}],"about":[{"href":"https:\/\/evotek.md\/ro\/wp-json\/wp\/v2\/types\/product"}],"wp:featuredmedia":[{"embeddable":true,"href":"https:\/\/evotek.md\/ro\/wp-json\/wp\/v2\/media\/33237"}],"wp:attachment":[{"href":"https:\/\/evotek.md\/ro\/wp-json\/wp\/v2\/media?parent=33234"}],"curies":[{"name":"wp","href":"https:\/\/api.w.org\/{rel}","templated":true}]}}