{"id":33191,"date":"2022-09-14T14:11:38","date_gmt":"2022-09-14T14:11:38","guid":{"rendered":"https:\/\/evotek.md\/?post_type=product&#038;p=33191"},"modified":"2022-09-14T14:23:18","modified_gmt":"2022-09-14T14:23:18","slug":"sous-vide-12-5-l-m-09500700","status":"publish","type":"product","link":"https:\/\/evotek.md\/ro\/produse\/echipamente-termice\/sous-vide-2\/sous-vide-12-5-l-m-09500700\/","title":{"rendered":"SOUS VIDE 12.5 L -M-09500700"},"content":{"rendered":"<p><strong>SOUS VIDE 12.5 L -M-09500700-<\/strong> este un aparat compact sous vide cu o precizie de 0,1 grade. Bine izolat si linistit. Reglarea timpului \u0219i a temperaturii.<\/p>\n<p>Caracteristici<br \/>\nCapacitate semnificativ\u0103 de p\u00e2n\u0103 la 12,5 litri<br \/>\nTemperatur\u0103 \u0219i timp reglabile separat<br \/>\nPrecizie f\u0103r\u0103 precedent: p\u00e2n\u0103 la &lt;0,1C<br \/>\nTemperatura maxima 99 grade Celsius<br \/>\nSistem patentat de pompare a apei<br \/>\nPreparare perfecta datorita apei omogene<br \/>\nGustul, textura \u0219i nutrien\u021bii sunt p\u0103strate<br \/>\nMa\u0219in\u0103 cu izola\u021bie bun\u0103<br \/>\nG\u0103tit sous vide foarte lini\u0219tit &#8211; f\u0103r\u0103 zgomot<br \/>\nAfi\u0219aj digital LCD<br \/>\nPanou de control tactil convenabil<br \/>\nCu protectie termica<br \/>\nEchipat cu un raft la \u00eendem\u00e2n\u0103 din o\u021bel inoxidabil pentru alimente<br \/>\nCablu de alimentare detasabil<br \/>\nSt\u0103 pe patru picioare solide<br \/>\nUsor de curatat<br \/>\nGreutate neta: 6,3 kg<br \/>\nDimensiune cad\u0103: H200 x L300 x D235 mm<br \/>\nDimensiuni: H285 x L415 x D270 mm<br \/>\nConexiune: 230 V \/ 50 Hz \/ 1 faza 620 W<\/p>\n<p>&nbsp;<\/p>\n","protected":false},"excerpt":{"rendered":"<p>Sous vide cu o capacitate de 12.5 L. Greutate neta: 6,3 kg; Dimensiune cad\u0103: H200 x L300 x D235 mm; Dimensiuni: H285 x L415 x D270 mm; Conexiune: 230 V \/ 50 Hz \/ 1 faza 620 W.<\/p>\n","protected":false},"featured_media":33194,"template":"","meta":[],"_links":{"self":[{"href":"https:\/\/evotek.md\/ro\/wp-json\/wp\/v2\/product\/33191"}],"collection":[{"href":"https:\/\/evotek.md\/ro\/wp-json\/wp\/v2\/product"}],"about":[{"href":"https:\/\/evotek.md\/ro\/wp-json\/wp\/v2\/types\/product"}],"wp:featuredmedia":[{"embeddable":true,"href":"https:\/\/evotek.md\/ro\/wp-json\/wp\/v2\/media\/33194"}],"wp:attachment":[{"href":"https:\/\/evotek.md\/ro\/wp-json\/wp\/v2\/media?parent=33191"}],"curies":[{"name":"wp","href":"https:\/\/api.w.org\/{rel}","templated":true}]}}