{"id":33155,"date":"2022-09-14T09:22:37","date_gmt":"2022-09-14T09:22:37","guid":{"rendered":"https:\/\/evotek.md\/produse\/fara-categorie\/vitrina-frigorifica-pentru-patiserie-100l-negru-amitek-ak100ef\/"},"modified":"2023-01-20T14:25:36","modified_gmt":"2023-01-20T14:25:36","slug":"vitrina-frigorifica-pentru-patiserie-100l-negru-amitek-ak100ef","status":"publish","type":"product","link":"https:\/\/evotek.md\/ro\/produse\/echipamente-frigorifice\/vitrine-frigorifice-pentru-patiserie\/vitrina-frigorifica-pentru-patiserie-100l-negru-amitek-ak100ef\/","title":{"rendered":"VITRINA FRIGORIFICA PENTRU PATISERIE DE MASA 100 L NEGRU -AMITEK AK100EF"},"content":{"rendered":"<p><strong>VITRINA FRIGORIFICA PENTRU PATISERIE DE MASA 100 L NEGRU -AMITEK AK100EF-<\/strong><\/p>\n<p>Vitrina frigorific\u0103 este destinat\u0103 at\u00e2t pentru demonstra\u021bie, c\u00e2t \u0219i pentru depozitarea temporar\u0103 a alimentelor. Carcasa unei vitrine este realizat\u0103 din o\u021bel inoxidabil. Dezghe\u021barea este automat\u0103. Fa\u021bada este realizat\u0103 din sticl\u0103 cu dou\u0103 straturi. Iluminarea LED v\u0103 ajut\u0103 s\u0103 vede\u021bi mai bine m\u00e2ncarea.<\/p>\n<p>Caracteristici<br \/>\nDimensiune: 682x450x675mm<br \/>\nPutere: 0,16 kW<br \/>\nVolum, l: 100<br \/>\nTemperatura: +2&#8230;+12 C<br \/>\nGreutate: 39 kg<br \/>\nTara de origine: Italia<\/p>\n","protected":false},"excerpt":{"rendered":"<p>VITRINA FRIGORIFICA PENTRU PATISERIE DE MASA 100 L NEGRU -AMITEK AK100EF- Vitrina frigorific\u0103 este destinat\u0103 at\u00e2t pentru demonstra\u021bie, c\u00e2t \u0219i pentru depozitarea temporar\u0103 a alimentelor. Carcasa unei vitrine este realizat\u0103 din o\u021bel inoxidabil. Dezghe\u021barea este automat\u0103. Fa\u021bada este realizat\u0103 din sticl\u0103 cu dou\u0103 straturi. Iluminarea LED v\u0103 ajut\u0103 s\u0103 vede\u021bi mai bine m\u00e2ncarea. Caracteristici Dimensiune: [&#8230;]\n","protected":false},"featured_media":22261,"template":"","meta":[],"_links":{"self":[{"href":"https:\/\/evotek.md\/ro\/wp-json\/wp\/v2\/product\/33155"}],"collection":[{"href":"https:\/\/evotek.md\/ro\/wp-json\/wp\/v2\/product"}],"about":[{"href":"https:\/\/evotek.md\/ro\/wp-json\/wp\/v2\/types\/product"}],"wp:featuredmedia":[{"embeddable":true,"href":"https:\/\/evotek.md\/ro\/wp-json\/wp\/v2\/media\/22261"}],"wp:attachment":[{"href":"https:\/\/evotek.md\/ro\/wp-json\/wp\/v2\/media?parent=33155"}],"curies":[{"name":"wp","href":"https:\/\/api.w.org\/{rel}","templated":true}]}}