{"id":33123,"date":"2022-09-13T12:43:17","date_gmt":"2022-09-13T12:43:17","guid":{"rendered":"https:\/\/evotek.md\/produse\/fara-categorie\/masina-automata-pentru-gogosi\/"},"modified":"2022-09-13T12:43:17","modified_gmt":"2022-09-13T12:43:17","slug":"masina-automata-pentru-gogosi","status":"publish","type":"product","link":"https:\/\/evotek.md\/ro\/produse\/echipamente-pentru-fast-food\/aparate-pentru-donuts-2-oborudovanie-dlia-fast-food\/masina-automata-pentru-gogosi\/","title":{"rendered":"MASINA AUTOMATA PENTRU GOGOSI -EMP.LK.001"},"content":{"rendered":"<p><strong>MASINA AUTOMATA PENTRU GOGOSI -EMP.LK.001-<\/strong> este o ma\u0219in\u0103 de \u00eenalt\u0103 calitate care este foarte potrivit\u0103 pentru o productivitate ridicat\u0103 \u0219i utilizare zilnic\u0103. Ma\u0219ina este u\u0219or de utilizat; turnati aluatul \u00een vas \u0219i prin forma de jos aluatul iese \u00een form\u0103 de gogoa\u0219\u0103.<\/p>\n<p>Caracteristici<br \/>\nDimensiuni: 300x500x00 mm<br \/>\nGreutate: 24 kg<br \/>\nM3 net: 0,05<br \/>\nConexiune: 220 V, 50 Hz Energie<br \/>\nCapacitate bunc\u0103r de aluat: 7 kg<br \/>\nCorp din o\u021bel inoxidabil<\/p>\n","protected":false},"excerpt":{"rendered":"<p>Masina automata pentru gogosi. Dimensiuni: 300x500x00 mm; Greutate: 24 kg; M3 net: 0,05; Conexiune: 220 V, 50 Hz Energie; Capacitate bunc\u0103r de aluat: 7 kg; Corp din o\u021bel inoxidabil.<\/p>\n","protected":false},"featured_media":33122,"template":"","meta":[],"_links":{"self":[{"href":"https:\/\/evotek.md\/ro\/wp-json\/wp\/v2\/product\/33123"}],"collection":[{"href":"https:\/\/evotek.md\/ro\/wp-json\/wp\/v2\/product"}],"about":[{"href":"https:\/\/evotek.md\/ro\/wp-json\/wp\/v2\/types\/product"}],"wp:featuredmedia":[{"embeddable":true,"href":"https:\/\/evotek.md\/ro\/wp-json\/wp\/v2\/media\/33122"}],"wp:attachment":[{"href":"https:\/\/evotek.md\/ro\/wp-json\/wp\/v2\/media?parent=33123"}],"curies":[{"name":"wp","href":"https:\/\/api.w.org\/{rel}","templated":true}]}}