{"id":33071,"date":"2022-09-13T09:22:25","date_gmt":"2022-09-13T09:22:25","guid":{"rendered":"https:\/\/evotek.md\/?post_type=product&#038;p=33071"},"modified":"2023-08-23T11:31:03","modified_gmt":"2023-08-23T11:31:03","slug":"container-inox-gn-1-2-eco-h-150-mm-st-112151-%d0%ba%d0%be%d0%bf%d0%b8%d1%80%d0%be%d0%b2%d0%b0%d1%82%d1%8c","status":"publish","type":"product","link":"https:\/\/evotek.md\/ro\/produse\/accesorii-si-inventar-bucatarie\/containere-gn\/container-inox-gn-1-2-eco-h-150-mm-st-112151-%d0%ba%d0%be%d0%bf%d0%b8%d1%80%d0%be%d0%b2%d0%b0%d1%82%d1%8c\/","title":{"rendered":"CONTAINER INOX GN1\/2 h150 mm (8,5 litri) -ST-112156"},"content":{"rendered":"<p><strong>CONTAINER INOX GN1\/2 h150 mm (8,5 litri) -ST-112156- <\/strong>Recipientele gastronormice sunt un atribut integral al unei buc\u0103t\u0103rii profesionale. Acestea sunt destinate depozit\u0103rii, transport\u0103rii produselor alimentare, pentru afi\u0219area \u00eentr-o vitrin\u0103 sau a unei cafenele, uneori folosite pentru g\u0103tirea m\u00e2nc\u0103rurilor, de exemplu, sosuri. Recipientele gastronormice sunt fabricate din inox de \u00eenalt\u0103 calitate.<\/p>\n<p>Caracteristici<\/p>\n<p>Dimensiune: GN 1\/2<\/p>\n<p>Parametri: 325x265x150 mm<\/p>\n<p>Volumul: 8,5 L<\/p>\n<p>Material: inox<\/p>\n<p>Stivuibil: da<\/p>\n<p>&nbsp;<\/p>\n","protected":false},"excerpt":{"rendered":"<p>Container inox GN 1\/2 ECO, h-150 mm. Parametri: 325x265x150 mm; Volum: 8,5 L; Material: inox; Stivuibil: da.<\/p>\n","protected":false},"featured_media":10292,"template":"","meta":[],"_links":{"self":[{"href":"https:\/\/evotek.md\/ro\/wp-json\/wp\/v2\/product\/33071"}],"collection":[{"href":"https:\/\/evotek.md\/ro\/wp-json\/wp\/v2\/product"}],"about":[{"href":"https:\/\/evotek.md\/ro\/wp-json\/wp\/v2\/types\/product"}],"wp:featuredmedia":[{"embeddable":true,"href":"https:\/\/evotek.md\/ro\/wp-json\/wp\/v2\/media\/10292"}],"wp:attachment":[{"href":"https:\/\/evotek.md\/ro\/wp-json\/wp\/v2\/media?parent=33071"}],"curies":[{"name":"wp","href":"https:\/\/api.w.org\/{rel}","templated":true}]}}