{"id":33062,"date":"2022-09-13T08:53:26","date_gmt":"2022-09-13T08:53:26","guid":{"rendered":"https:\/\/evotek.md\/produse\/fara-categorie\/spatula-pentru-cofetarie-cu-indoitura\/"},"modified":"2022-09-13T08:53:26","modified_gmt":"2022-09-13T08:53:26","slug":"spatula-pentru-cofetarie-cu-indoitura","status":"publish","type":"product","link":"https:\/\/evotek.md\/ro\/produse\/accesorii-si-inventar-bucatarie\/spatula\/spatula-pentru-cofetarie-cu-indoitura\/","title":{"rendered":"SPATULA PENTRU COFETARIE CU INDOITURA 260 mm ST-263260"},"content":{"rendered":"<p><strong>SPATULA PENTRU COFETARIE CU INDOITURA 260 mm ST-263260-<\/strong> Spatula de patiserie cu margine este indispensabila pentru lucrul cu crema sau glazura. Cu ajutorul unui astfel de instrument de cofet\u0103rie precum o spatul\u0103, pute\u021bi distribui uniform crema pe suprafa\u021ba \u0219i p\u0103r\u021bile laterale ale tortului, pute\u021bi alinia tortul \u0219i cupcakes sub mastic, pute\u021bi face un decor crem\u0103. O spatul\u0103 de cofet\u0103rie va aplica uniform \u0219i precis pe produsul finit gem, sm\u00e2nt\u00e2n\u0103, fri\u0219c\u0103, glazur\u0103 de ciocolat\u0103. Lama este realizata din otel inoxidabil.<\/p>\n<p>Caracteristici<br \/>\nLungime: 260 mm<br \/>\nMaterial: o\u021bel inoxidabil \u0219i plastic<\/p>\n","protected":false},"excerpt":{"rendered":"<p>Spatula pentru cofetarie cu indoitura 260 mm. Material: o\u021bel inoxidabil \u0219i plastic.<\/p>\n","protected":false},"featured_media":33061,"template":"","meta":[],"_links":{"self":[{"href":"https:\/\/evotek.md\/ro\/wp-json\/wp\/v2\/product\/33062"}],"collection":[{"href":"https:\/\/evotek.md\/ro\/wp-json\/wp\/v2\/product"}],"about":[{"href":"https:\/\/evotek.md\/ro\/wp-json\/wp\/v2\/types\/product"}],"wp:featuredmedia":[{"embeddable":true,"href":"https:\/\/evotek.md\/ro\/wp-json\/wp\/v2\/media\/33061"}],"wp:attachment":[{"href":"https:\/\/evotek.md\/ro\/wp-json\/wp\/v2\/media?parent=33062"}],"curies":[{"name":"wp","href":"https:\/\/api.w.org\/{rel}","templated":true}]}}